{"id":1105,"date":"2021-01-09T14:30:42","date_gmt":"2021-01-09T13:30:42","guid":{"rendered":"http:\/\/wp.widukinds-waechter.de\/?page_id=1105"},"modified":"2021-01-10T21:16:49","modified_gmt":"2021-01-10T20:16:49","slug":"gewandungscheck","status":"publish","type":"page","link":"https:\/\/widukinds-waechter.de\/?page_id=1105","title":{"rendered":"Gewandungscheck"},"content":{"rendered":"\t\t<div data-elementor-type=\"wp-page\" data-elementor-id=\"1105\" class=\"elementor elementor-1105\">\n\t\t\t\t\t\t<section class=\"elementor-section elementor-top-section elementor-element elementor-element-d935fec elementor-section-boxed elementor-section-height-default elementor-section-height-default\" data-id=\"d935fec\" data-element_type=\"section\" data-e-type=\"section\">\n\t\t\t\t\t\t<div class=\"elementor-container elementor-column-gap-default\">\n\t\t\t\t\t<div class=\"elementor-column elementor-col-100 elementor-top-column elementor-element elementor-element-3ce6c23\" data-id=\"3ce6c23\" data-element_type=\"column\" data-e-type=\"column\">\n\t\t\t<div class=\"elementor-widget-wrap elementor-element-populated\">\n\t\t\t\t\t\t<div class=\"elementor-element elementor-element-cc98e25 elementor-widget elementor-widget-text-editor\" data-id=\"cc98e25\" data-element_type=\"widget\" data-e-type=\"widget\" data-widget_type=\"text-editor.default\">\n\t\t\t\t<div class=\"elementor-widget-container\">\n\t\t\t\t\t\t\t\t\tWir legen bei uns und unseren Cons viel Wert auf stimmiges Ambiente. Das gilt auch f\u00fcr die Gewandung.<br><br>\n\nWir erwarten, dass jeder Teilnehmer \u00fcber eine stimmige Gewandung verf\u00fcgt &#8211; man kann sich g\u00fcnstig gute Gewandung besorgen oder sie selbst machen. Wer dazu Fragen hat, kann sich gerne an uns wenden &#8211; zum Beispiel im Forum nachfragen.\n<br><br>\nWir behalten uns vor, Leute, die sich nicht um passende Gewandung gek\u00fcmmert haben, auf unserem Con nicht spielen zu lassen. Wir geben uns &#8211; genauso wie viele Spieler &#8211; gro\u00dfe M\u00fche, ein stimmungsvolles Ambiente zu schaffen.\n<br><br>\n<strong>Jeder, gerade Anf\u00e4nger, kann sich gerne bei uns Tipps und Infos holen! <\/strong>Wenn Du Dir mit Deiner Gewandung nicht sicher bist oder den Check nicht erf\u00fcllen kannst, dann sprich uns an. Wir werden zusammen eine L\u00f6sung finden. \t\t\t\t\t\t\t\t<\/div>\n\t\t\t\t<\/div>\n\t\t\t\t\t<\/div>\n\t\t<\/div>\n\t\t\t\t\t<\/div>\n\t\t<\/section>\n\t\t\t\t<section class=\"elementor-section elementor-top-section elementor-element elementor-element-2bb1a1b elementor-section-boxed elementor-section-height-default elementor-section-height-default\" data-id=\"2bb1a1b\" data-element_type=\"section\" data-e-type=\"section\">\n\t\t\t\t\t\t<div class=\"elementor-container elementor-column-gap-default\">\n\t\t\t\t\t<div class=\"elementor-column elementor-col-100 elementor-top-column elementor-element elementor-element-60f70f0\" data-id=\"60f70f0\" data-element_type=\"column\" data-e-type=\"column\">\n\t\t\t<div class=\"elementor-widget-wrap elementor-element-populated\">\n\t\t\t\t\t\t<div class=\"elementor-element elementor-element-00c42c9 elementor-widget elementor-widget-accordion\" data-id=\"00c42c9\" data-element_type=\"widget\" data-e-type=\"widget\" data-widget_type=\"accordion.default\">\n\t\t\t\t<div class=\"elementor-widget-container\">\n\t\t\t\t\t\t\t<div class=\"elementor-accordion\">\n\t\t\t\t\t\t\t<div class=\"elementor-accordion-item\">\n\t\t\t\t\t<div id=\"elementor-tab-title-8031\" class=\"elementor-tab-title\" data-tab=\"1\" role=\"button\" aria-controls=\"elementor-tab-content-8031\" aria-expanded=\"false\">\n\t\t\t\t\t\t\t\t\t\t\t\t\t<span class=\"elementor-accordion-icon elementor-accordion-icon-left\" aria-hidden=\"true\">\n\t\t\t\t\t\t\t\t\t\t\t\t\t\t\t<span class=\"elementor-accordion-icon-closed\"><i class=\"fas fa-plus\"><\/i><\/span>\n\t\t\t\t\t\t\t\t<span class=\"elementor-accordion-icon-opened\"><i class=\"fas fa-minus\"><\/i><\/span>\n\t\t\t\t\t\t\t\t\t\t\t\t\t\t<\/span>\n\t\t\t\t\t\t\t\t\t\t\t\t<a class=\"elementor-accordion-title\" tabindex=\"0\">Absolute Ausschlusskriterien<\/a>\n\t\t\t\t\t<\/div>\n\t\t\t\t\t<div id=\"elementor-tab-content-8031\" class=\"elementor-tab-content elementor-clearfix\" data-tab=\"1\" role=\"region\" aria-labelledby=\"elementor-tab-title-8031\">Kleidung, die sofort auf das 21. Jahrhundert schlie\u00dfen l\u00e4sst (Sonnenbrille, grellbunte Turnschuhe, etc.)<br>\nGothic Kleidung<br>\nJeans und T-Shirt<br>\nLederhose und Piratenschn\u00fcrhemd (und sonst nix)<br>\nausschlie\u00dflich schwarze Gewandung (es sei denn, ihr habt einen guten Grund daf\u00fcr, z.B. ihr spielt einen Benediktinerm\u00f6nch o.\u00e4.)<br>\nPannesamt, da er zu sehr an Karneval erinnert<br><br>\nEs gilt: Gewandung geht vor R\u00fcstung, wer sich ein Kettenhemd leisten kann, braucht sicher kein T-Shirt darunter zu tragen.<\/div>\n\t\t\t\t<\/div>\n\t\t\t\t\t\t\t<div class=\"elementor-accordion-item\">\n\t\t\t\t\t<div id=\"elementor-tab-title-8032\" class=\"elementor-tab-title\" data-tab=\"2\" role=\"button\" aria-controls=\"elementor-tab-content-8032\" aria-expanded=\"false\">\n\t\t\t\t\t\t\t\t\t\t\t\t\t<span class=\"elementor-accordion-icon elementor-accordion-icon-left\" aria-hidden=\"true\">\n\t\t\t\t\t\t\t\t\t\t\t\t\t\t\t<span class=\"elementor-accordion-icon-closed\"><i class=\"fas fa-plus\"><\/i><\/span>\n\t\t\t\t\t\t\t\t<span class=\"elementor-accordion-icon-opened\"><i class=\"fas fa-minus\"><\/i><\/span>\n\t\t\t\t\t\t\t\t\t\t\t\t\t\t<\/span>\n\t\t\t\t\t\t\t\t\t\t\t\t<a class=\"elementor-accordion-title\" tabindex=\"0\">Mindestanforderungen<\/a>\n\t\t\t\t\t<\/div>\n\t\t\t\t\t<div id=\"elementor-tab-content-8032\" class=\"elementor-tab-content elementor-clearfix\" data-tab=\"2\" role=\"region\" aria-labelledby=\"elementor-tab-title-8032\">Ein stimmiges Oberteil (z.B. Tunika, Leinenhemd, keine R\u00fcschenhemden etc.)<br>\nPassende Hose (z.B. schlichte, naturfarbene Hose)<br>\nUnauff\u00e4llige Schuhe (f\u00fcr den Anfang(!) Stra\u00dfenschuhe in gedeckten Farben, es eignen sich auch Trekkingschuhe und Bundeswehrstiefel &#8211; gel\u00e4ndetauglich w\u00e4re jedenfalls gut \ud83d\ude09<br>\nWechselkleidung ist empfehlenswert, falls das Wetter mal nicht mitspielt <br>Benutzt wenn m\u00f6glich statt einer Brille Kontaktlinsen <\/div>\n\t\t\t\t<\/div>\n\t\t\t\t\t\t\t<div class=\"elementor-accordion-item\">\n\t\t\t\t\t<div id=\"elementor-tab-title-8033\" class=\"elementor-tab-title\" data-tab=\"3\" role=\"button\" aria-controls=\"elementor-tab-content-8033\" aria-expanded=\"false\">\n\t\t\t\t\t\t\t\t\t\t\t\t\t<span class=\"elementor-accordion-icon elementor-accordion-icon-left\" aria-hidden=\"true\">\n\t\t\t\t\t\t\t\t\t\t\t\t\t\t\t<span class=\"elementor-accordion-icon-closed\"><i class=\"fas fa-plus\"><\/i><\/span>\n\t\t\t\t\t\t\t\t<span class=\"elementor-accordion-icon-opened\"><i class=\"fas fa-minus\"><\/i><\/span>\n\t\t\t\t\t\t\t\t\t\t\t\t\t\t<\/span>\n\t\t\t\t\t\t\t\t\t\t\t\t<a class=\"elementor-accordion-title\" tabindex=\"0\">Idealfall und Pluspunkte<\/a>\n\t\t\t\t\t<\/div>\n\t\t\t\t\t<div id=\"elementor-tab-content-8033\" class=\"elementor-tab-content elementor-clearfix\" data-tab=\"3\" role=\"region\" aria-labelledby=\"elementor-tab-title-8033\">Passende Kopfbedeckung (z.B. Gugel, Bundhaube, Barett, &#8230;)\nWenn m\u00f6glich, eine passende Frisur (neumoderne Schnitte werden am besten mit einer Kopfbedeckung getarnt)\nEin Umhang oder \u00e4hnliches, der euch vor schlechtem Wetter sch\u00fctzt\nPassendes Ober- und Beinkleid, dabei auf die Ambientef\u00e4higkeit der Stoffe achten\nPassendes Schuhwerk, z.B. wie es die Leute im Mittelalter getragen haben\nTragt am besten mehrere Kleidungsschichten \u00fcbereinander\nBenutzt Accessoires, um eure Kleidung aufzuwerten (G\u00fcrtel, Beutel, Fibel, passender Schmuck, Taschen, &#8230;)\nBesonders sch\u00f6n ist nat\u00fcrlich, unterschiedliche Kleidung f\u00fcr unterschiedliche Anl\u00e4sse dabei zu haben\nWenn m\u00f6glich, benutzt statt einer Brille Kontaktlinsen<\/div>\n\t\t\t\t<\/div>\n\t\t\t\t\t\t\t<div class=\"elementor-accordion-item\">\n\t\t\t\t\t<div id=\"elementor-tab-title-8034\" class=\"elementor-tab-title\" data-tab=\"4\" role=\"button\" aria-controls=\"elementor-tab-content-8034\" aria-expanded=\"false\">\n\t\t\t\t\t\t\t\t\t\t\t\t\t<span class=\"elementor-accordion-icon elementor-accordion-icon-left\" aria-hidden=\"true\">\n\t\t\t\t\t\t\t\t\t\t\t\t\t\t\t<span class=\"elementor-accordion-icon-closed\"><i class=\"fas fa-plus\"><\/i><\/span>\n\t\t\t\t\t\t\t\t<span class=\"elementor-accordion-icon-opened\"><i class=\"fas fa-minus\"><\/i><\/span>\n\t\t\t\t\t\t\t\t\t\t\t\t\t\t<\/span>\n\t\t\t\t\t\t\t\t\t\t\t\t<a class=\"elementor-accordion-title\" tabindex=\"0\">Brille und Sicherheit<\/a>\n\t\t\t\t\t<\/div>\n\t\t\t\t\t<div id=\"elementor-tab-content-8034\" class=\"elementor-tab-content elementor-clearfix\" data-tab=\"4\" role=\"region\" aria-labelledby=\"elementor-tab-title-8034\">Wer Kontaktlinsen vertr\u00e4gt, sollte keine Brille tragen. Einerseits wegen des optischen Aspekts, andererseits wegen der Gefahr im Kampf.<\/div>\n\t\t\t\t<\/div>\n\t\t\t\t\t\t\t\t<\/div>\n\t\t\t\t\t\t<\/div>\n\t\t\t\t<\/div>\n\t\t\t\t\t<\/div>\n\t\t<\/div>\n\t\t\t\t\t<\/div>\n\t\t<\/section>\n\t\t\t\t<section class=\"elementor-section elementor-top-section elementor-element elementor-element-d3d9f92 elementor-section-boxed elementor-section-height-default elementor-section-height-default\" data-id=\"d3d9f92\" data-element_type=\"section\" data-e-type=\"section\">\n\t\t\t\t\t\t<div class=\"elementor-container elementor-column-gap-default\">\n\t\t\t\t\t<div class=\"elementor-column elementor-col-100 elementor-top-column elementor-element elementor-element-8020dff\" data-id=\"8020dff\" data-element_type=\"column\" data-e-type=\"column\">\n\t\t\t<div class=\"elementor-widget-wrap elementor-element-populated\">\n\t\t\t\t\t\t<div class=\"elementor-element elementor-element-acae51f elementor-widget elementor-widget-heading\" data-id=\"acae51f\" data-element_type=\"widget\" data-e-type=\"widget\" data-widget_type=\"heading.default\">\n\t\t\t\t<div class=\"elementor-widget-container\">\n\t\t\t\t\t<h4 class=\"elementor-heading-title elementor-size-default\">Zur Abrundung noch eine kleine Geschichte<\/h4>\t\t\t\t<\/div>\n\t\t\t\t<\/div>\n\t\t\t\t\t<\/div>\n\t\t<\/div>\n\t\t\t\t\t<\/div>\n\t\t<\/section>\n\t\t\t\t<section class=\"elementor-section elementor-top-section elementor-element elementor-element-3680b63 elementor-section-boxed elementor-section-height-default elementor-section-height-default\" data-id=\"3680b63\" data-element_type=\"section\" data-e-type=\"section\">\n\t\t\t\t\t\t<div class=\"elementor-container elementor-column-gap-default\">\n\t\t\t\t\t<div class=\"elementor-column elementor-col-100 elementor-top-column elementor-element elementor-element-cdacb8a\" data-id=\"cdacb8a\" data-element_type=\"column\" data-e-type=\"column\">\n\t\t\t<div class=\"elementor-widget-wrap elementor-element-populated\">\n\t\t\t\t\t\t<div class=\"elementor-element elementor-element-301b179 elementor-widget elementor-widget-text-editor\" data-id=\"301b179\" data-element_type=\"widget\" data-e-type=\"widget\" data-widget_type=\"text-editor.default\">\n\t\t\t\t<div class=\"elementor-widget-container\">\n\t\t\t\t\t\t\t\t\tVoller Vorfreude aufs IT ging ich aus meinem Zelt raus und auf den Platz vor der H\u00fctte, auf dem die SL-Ansprache stattfinden sollte. Inzwischen versammelten sich auch andere auf dem Platz. Gespannt schaute ich mir die anderen Spieler an, was sie f\u00fcr Charaktere spielten und was sie sich f\u00fcr Ihre Gewandung hatten einfallen lassen. Ein Spieler fiel mir sofort auf. Er trug eine dunkelgraue Robe mit einer schwarzen Borte. Dazu einen Holzstab und eine gro\u00dfen Filzhut. Ich musste schmunzeln. Eindeutig ein Magier. Dann eine Spielerin, die verschiedene, sch\u00f6ne Gewandungsst\u00fccke kombiniert hatte zusammen mit einer Lederweste und einem Hut. Dann ein Spieler, der einen dicken wei\u00dfen Gambeson trug, zusammen mit einem K\u00fcrass und eine Art wei\u00dfen Wappenrock mit einem schwarzen Symbol. Ich war freudig \u00fcberrascht \u00fcber diese schon sch\u00f6nen, verschiedenen Gewandungen auch in Kombination mit R\u00fcstungen und Waffen.\n\n<br><br>Dann blickte ich mich weiter um. Fast neben mir stand ein kr\u00e4ftiger Spieler. Seine Gewandung bestand aus einer blauen Jeans, einem T-Shirt irgendeiner Heavy-Metal Band. Dazu ein Fell um die H\u00fcften fest gemacht und einen Zweih\u00e4nder in der Hand. Wo war die Gewandung? Dann machte ich drei Personen aus. Sie trugen fast identische schwarze Schn\u00fcrlederhosen und schwarze Hemden. Einer trug \u00fcber sein Hemd ein Kettenhemd, sonst nichts weiter. Sie trugen alle drei Schwerter, ansonsten keine weiteren Ausr\u00fcstungsgegenst\u00e4nde. Sie hatten Geld f\u00fcr Waffen, aber nicht f\u00fcr Gewandung? W\u00e4hrend ich in Gedanken versunken war, sprach mich jemand an. Ich blickte nach links. Ein Mann sah mich an, der in einer durchg\u00e4ngigen roten und f\u00fcr Pannesamt typischen glitzernden Robe gekleidet war. Aufgrund des Stoffes hing die Robe an ihm wie ein Sack. Wir unterhielten uns kurz und ich erfuhr, dass er einen Magiergro\u00dfmeister spielte und schon alle m\u00f6glichen Zauber kannte. Gut dass er mir das gesagt hatte, aufgrund seiner Erscheinung w\u00e4re ich da nicht drauf gekommen. Dann schob sich in mein Blickfeld ein langer, schwarzer Ledermantel. Sein Besitzer trug unter diesem Mantel ein schwarzes R\u00fcschenhemd, eine schwarze Lederhose und schwarze Schuhe. Vielleicht dachte er ja, dies hier w\u00e4re ein Gothic-Treffen?\n\n<br><br>Endlich, nach einer ganzen Weile gab es die SL-Ansprache und das Time-In. Schon zu Beginn merkte ich, dass die SL sich sehr viel M\u00fche mit der Gewandung ihrer NSCs und mit dem Ambiente der Location gegeben hatte. Es \u00e4rgerte mich, dass einige Spieler es nicht f\u00fcr n\u00f6tig hielten, etwas Zeit in ihre Gewandung zu stecken. Wie sollte man mit einem Spieler umgehen, der behauptete ein Meistermagier zu sein, jedoch in der Gewandung eher einen l\u00e4cherlichen Eindruck machte? Was macht man mit drei Spielern, die gro\u00dfe K\u00e4mpfer darstellen wollten, jedoch eher nach gar nichts aussahen?\n\n<br><br>Umso mehr freute es mich, als ich im Spiel jemanden kennen lernte, der das erste Mal dabei war. Er trug eine ganz einfache Baumwollhose, an den Unterschenkeln Stoffwickel, die auch den Lederschaft der Bundeswehrstiefel tarnten. Dazu eine einfache Untertunika, dar\u00fcber eine einfache Tunika aus Nesselstoff. An dem Strick, der als G\u00fcrtel diente, hing ein kleiner Stoffbeutel. Ich war beeindruckt, wie man mit einfachen Mitteln und doch so g\u00fcnstigen Stoffen eine sch\u00f6ne und stimmige Gewandung fabrizieren kann. Den Nordmann nahm ihm sofort jeder ab. Diese von mir beschriebenen Gewandungen habe ich tats\u00e4chlich alle so gesehen. Es ist nichts Erfundenes oder Erdachtes.\n\n<br><br>Ich bin jedes Mal entt\u00e4uscht, wenn Spieler in \u201eNicht-Gewandungen\u201c das Ambiente und Flair kaputt machen, das die Orga und die NSCs mit hohem Aufwand erzeugen wollen. Damit niemand auf unseren Cons entt\u00e4uscht wird, haben wir den Gewandungsscheck entwickelt.\t\t\t\t\t\t\t\t<\/div>\n\t\t\t\t<\/div>\n\t\t\t\t\t<\/div>\n\t\t<\/div>\n\t\t\t\t\t<\/div>\n\t\t<\/section>\n\t\t\t\t<\/div>\n\t\t","protected":false},"excerpt":{"rendered":"<p>Wir legen bei uns und unseren Cons viel Wert auf stimmiges Ambiente. Das gilt auch f\u00fcr die Gewandung. Wir erwarten, dass jeder Teilnehmer \u00fcber eine stimmige Gewandung verf\u00fcgt &#8211; man kann sich g\u00fcnstig gute Gewandung besorgen oder sie selbst machen. Wer dazu Fragen hat, kann sich gerne an uns wenden &#8211; zum Beispiel im Forum [&hellip;]<\/p>\n","protected":false},"author":1,"featured_media":0,"parent":0,"menu_order":0,"comment_status":"closed","ping_status":"closed","template":"","meta":{"footnotes":""},"class_list":["post-1105","page","type-page","status-publish","hentry"],"_links":{"self":[{"href":"https:\/\/widukinds-waechter.de\/index.php?rest_route=\/wp\/v2\/pages\/1105","targetHints":{"allow":["GET"]}}],"collection":[{"href":"https:\/\/widukinds-waechter.de\/index.php?rest_route=\/wp\/v2\/pages"}],"about":[{"href":"https:\/\/widukinds-waechter.de\/index.php?rest_route=\/wp\/v2\/types\/page"}],"author":[{"embeddable":true,"href":"https:\/\/widukinds-waechter.de\/index.php?rest_route=\/wp\/v2\/users\/1"}],"replies":[{"embeddable":true,"href":"https:\/\/widukinds-waechter.de\/index.php?rest_route=%2Fwp%2Fv2%2Fcomments&post=1105"}],"version-history":[{"count":13,"href":"https:\/\/widukinds-waechter.de\/index.php?rest_route=\/wp\/v2\/pages\/1105\/revisions"}],"predecessor-version":[{"id":1373,"href":"https:\/\/widukinds-waechter.de\/index.php?rest_route=\/wp\/v2\/pages\/1105\/revisions\/1373"}],"wp:attachment":[{"href":"https:\/\/widukinds-waechter.de\/index.php?rest_route=%2Fwp%2Fv2%2Fmedia&parent=1105"}],"curies":[{"name":"wp","href":"https:\/\/api.w.org\/{rel}","templated":true}]}}