{"id":144,"date":"2021-01-06T17:50:21","date_gmt":"2021-01-06T16:50:21","guid":{"rendered":"http:\/\/wp.widukinds-waechter.de\/?page_id=144"},"modified":"2023-09-01T09:14:43","modified_gmt":"2023-09-01T07:14:43","slug":"impressum","status":"publish","type":"page","link":"https:\/\/widukinds-waechter.de\/?page_id=144","title":{"rendered":"Impressum"},"content":{"rendered":"\t\t<div data-elementor-type=\"wp-page\" data-elementor-id=\"144\" class=\"elementor elementor-144\">\n\t\t\t\t\t\t<section class=\"elementor-section elementor-top-section elementor-element elementor-element-d321bea elementor-section-boxed elementor-section-height-default elementor-section-height-default\" data-id=\"d321bea\" data-element_type=\"section\" data-e-type=\"section\">\n\t\t\t\t\t\t<div class=\"elementor-container elementor-column-gap-default\">\n\t\t\t\t\t<div class=\"elementor-column elementor-col-100 elementor-top-column elementor-element elementor-element-dc9114f\" data-id=\"dc9114f\" data-element_type=\"column\" data-e-type=\"column\">\n\t\t\t<div class=\"elementor-widget-wrap elementor-element-populated\">\n\t\t\t\t\t\t<div class=\"elementor-element elementor-element-ecc7abc elementor-widget elementor-widget-text-editor\" data-id=\"ecc7abc\" data-element_type=\"widget\" data-e-type=\"widget\" data-widget_type=\"text-editor.default\">\n\t\t\t\t<div class=\"elementor-widget-container\">\n\t\t\t\t\t\t\t\t\t<p>Widukinds W\u00e4chter e.V.<\/p>\n<p>Verein f\u00fcr Live-Rollenspiel und lebendiges Mittelalter Magdeburg<\/p>\n<p>Kerbelbreite 31<\/p>\n<p>39116 Magdeburg<\/p>\n<p>eMail: info(at)widukinds-waechter.de<\/p>\n<p>Internet: www.widukinds-waechter.de<\/p>\n<p><br><\/p>\n<p>Vertretungsberechtigter Vorstand:<\/p>\n<p>Stefan Paczulla (1. Vorsitzender)<\/p>\n<p>Rebekka D\u00fcsedau (2. Vorsitzende)<\/p>\n<p>Hendrik Wagner (3. Vorsitzender)<\/p>\n<p><br><\/p>\n<p>Registergericht: Amtsgericht Stendal<\/p>\n<p>Registernummer: VR 11973<\/p>\n<p>Finanzamt: Magdeburg<\/p>\n<p>Steuernummer: 102\/143\/10371<\/p>\n<p><br><\/p>\n<p>Inhaltlich Verantwortlicher gem\u00e4\u00df \u00a7 6 MDStV: Hendrik Wagner (Anschrift wie oben)<\/p>\n<p>Haftungshinweis: Trotz sorgf\u00e4ltiger inhaltlicher Kontrolle \u00fcbernehmen wir keine Haftung f\u00fcr die Inhalte externer Links. F\u00fcr den Inhalt der verlinkten Seiten sind ausschlie\u00dflich deren Betreiber verantwortlich.<\/p>\t\t\t\t\t\t\t\t<\/div>\n\t\t\t\t<\/div>\n\t\t\t\t\t<\/div>\n\t\t<\/div>\n\t\t\t\t\t<\/div>\n\t\t<\/section>\n\t\t\t\t<\/div>\n\t\t","protected":false},"excerpt":{"rendered":"<p>Widukinds W\u00e4chter e.V. Verein f\u00fcr Live-Rollenspiel und lebendiges Mittelalter Magdeburg Kerbelbreite 31 39116 Magdeburg eMail: info(at)widukinds-waechter.de Internet: www.widukinds-waechter.de Vertretungsberechtigter Vorstand: Stefan Paczulla (1. Vorsitzender) Rebekka D\u00fcsedau (2. Vorsitzende) Hendrik Wagner (3. Vorsitzender) Registergericht: Amtsgericht Stendal Registernummer: VR 11973 Finanzamt: Magdeburg Steuernummer: 102\/143\/10371 Inhaltlich Verantwortlicher gem\u00e4\u00df \u00a7 6 MDStV: Hendrik Wagner (Anschrift wie oben) Haftungshinweis: Trotz [&hellip;]<\/p>\n","protected":false},"author":1,"featured_media":0,"parent":0,"menu_order":0,"comment_status":"closed","ping_status":"closed","template":"page-templates\/full-width-page.php","meta":{"footnotes":""},"class_list":["post-144","page","type-page","status-publish","hentry"],"_links":{"self":[{"href":"https:\/\/widukinds-waechter.de\/index.php?rest_route=\/wp\/v2\/pages\/144","targetHints":{"allow":["GET"]}}],"collection":[{"href":"https:\/\/widukinds-waechter.de\/index.php?rest_route=\/wp\/v2\/pages"}],"about":[{"href":"https:\/\/widukinds-waechter.de\/index.php?rest_route=\/wp\/v2\/types\/page"}],"author":[{"embeddable":true,"href":"https:\/\/widukinds-waechter.de\/index.php?rest_route=\/wp\/v2\/users\/1"}],"replies":[{"embeddable":true,"href":"https:\/\/widukinds-waechter.de\/index.php?rest_route=%2Fwp%2Fv2%2Fcomments&post=144"}],"version-history":[{"count":20,"href":"https:\/\/widukinds-waechter.de\/index.php?rest_route=\/wp\/v2\/pages\/144\/revisions"}],"predecessor-version":[{"id":2430,"href":"https:\/\/widukinds-waechter.de\/index.php?rest_route=\/wp\/v2\/pages\/144\/revisions\/2430"}],"wp:attachment":[{"href":"https:\/\/widukinds-waechter.de\/index.php?rest_route=%2Fwp%2Fv2%2Fmedia&parent=144"}],"curies":[{"name":"wp","href":"https:\/\/api.w.org\/{rel}","templated":true}]}}