{"id":145,"date":"2021-01-06T17:50:21","date_gmt":"2021-01-06T16:50:21","guid":{"rendered":"http:\/\/wp.widukinds-waechter.de\/?page_id=145"},"modified":"2021-01-09T19:04:24","modified_gmt":"2021-01-09T18:04:24","slug":"agb","status":"publish","type":"page","link":"https:\/\/widukinds-waechter.de\/?page_id=145","title":{"rendered":"AGB"},"content":{"rendered":"<div data-colibri-id=\"145-c1\" class=\"style-502 style-local-145-c1 position-relative\">\n  <!---->\n  <div data-colibri-component=\"section\" data-colibri-id=\"145-c2\" id=\"custom\" class=\"h-section h-section-global-spacing d-flex align-items-lg-center align-items-md-center align-items-center style-503 style-local-145-c2 position-relative\">\n    <!---->\n    <!---->\n    <div class=\"h-section-grid-container h-section-boxed-container\">\n      <!---->\n      <div data-colibri-id=\"145-c3\" class=\"h-row-container gutters-row-lg-2 gutters-row-md-2 gutters-row-0 gutters-row-v-lg-2 gutters-row-v-md-2 gutters-row-v-2 style-504 style-local-145-c3 position-relative\">\n        <!---->\n        <div class=\"h-row justify-content-lg-center justify-content-md-center justify-content-center align-items-lg-stretch align-items-md-stretch align-items-stretch gutters-col-lg-2 gutters-col-md-2 gutters-col-0 gutters-col-v-lg-2 gutters-col-v-md-2 gutters-col-v-2\">\n          <!---->\n          <div class=\"h-column h-column-container d-flex h-col-lg-auto h-col-md-auto h-col-auto style-505-outer style-local-145-c4-outer\">\n            <div data-colibri-id=\"145-c4\" class=\"d-flex h-flex-basis h-column__inner h-px-lg-2 h-px-md-2 h-px-2 v-inner-lg-2 v-inner-md-2 v-inner-2 style-505 style-local-145-c4 position-relative\">\n              <!---->\n              <!---->\n              <div class=\"w-100 h-y-container h-column__content h-column__v-align flex-basis-100 align-self-lg-start align-self-md-start align-self-start\">\n                <!---->\n                <div data-colibri-id=\"145-c5\" class=\"h-global-transition-all h-heading style-506 style-local-145-c5 position-relative h-element\">\n                  <!---->\n                  <div class=\"h-heading__outer style-506 style-local-145-c5\">\n                    <!---->\n                    <!---->\n                    <h1 class=\"\">Allgemeine Gesch\u00e4ftsbedingungen auf unseren Veranstaltungen<\/h1>\n                  <\/div>\n                <\/div>\n              <\/div>\n            <\/div>\n          <\/div>\n        <\/div>\n      <\/div>\n      <div data-colibri-id=\"145-c6\" class=\"h-row-container gutters-row-lg-2 gutters-row-md-2 gutters-row-0 gutters-row-v-lg-2 gutters-row-v-md-2 gutters-row-v-2 style-507 style-local-145-c6 position-relative\">\n        <!---->\n        <div class=\"h-row justify-content-lg-start justify-content-md-start justify-content-start align-items-lg-stretch align-items-md-stretch align-items-stretch gutters-col-lg-2 gutters-col-md-2 gutters-col-0 gutters-col-v-lg-2 gutters-col-v-md-2 gutters-col-v-2\">\n          <!---->\n          <div class=\"h-column h-column-container d-flex h-col-lg-12 h-col-md-12 h-col-12 style-508-outer style-local-145-c7-outer\">\n            <div data-colibri-id=\"145-c7\" class=\"d-flex h-flex-basis h-column__inner h-px-lg-2 h-px-md-2 h-px-2 v-inner-lg-2 v-inner-md-2 v-inner-2 style-508 style-local-145-c7 position-relative\">\n              <!---->\n              <!---->\n              <div class=\"w-100 h-y-container h-column__content h-column__v-align flex-basis-100 align-self-lg-start align-self-md-start align-self-start\">\n                <!---->\n                <div data-colibri-id=\"145-c9\" class=\"h-text h-text-component style-510 style-local-145-c9 position-relative h-element\">\n                  <!---->\n                  <!---->\n                  <div class=\"\">\n                    <p>Zustandekommen des Vertrages<\/p>\n                    <p>Der Vertrag kommt zustande durch die Anmeldebest\u00e4tigung des Veranstalters (Widukinds W\u00e4chter e.V.). Reagiert der Veranstalter nicht innerhalb von 14 Tagen auf die Anmeldung des Teilnehmers, so ist der Teilnehmer an seine Anmeldung\n                      nicht mehr gebunden. <\/p>\n                    <p>Jeder Teilnehmer muss zu Beginn der Veranstaltung das Alter von 18 Jahren erreicht haben. <\/p>\n                    <p>Regelwerk und Ausr\u00fcstung des Teilnehmers <\/p>\n                    <p>Mit der Anmeldung hat der Teilnehmer, falls gefordert, der Spielleitung die Charaktergeschichte , ein Charakterfoto und den Charakterbogen seines Charakters zur Verf\u00fcgung zu stellen. Der Charakterbogen hat dem von dem Veranstalter\n                      vorgegebenen Regelsystem zu entsprechen. Die Ausr\u00fcstung des Teilnehmers hat den im Voraus bekannt gegebenen Mindestanforderungen des Veranstalters zu entsprechen. <\/p>\n                    <p>Mit seiner Anmeldung erkennt der Teilnehmer das vom Veranstalter vorgegebene Regelsystem als f\u00fcr das Spiel verbindlich an. Die Spielleitung ist berechtigt, auch nach Zustandekommen des Vertrages verbindliche Regel\u00e4nderungen zu beschlie\u00dfen.\n                      <\/p>\n                    <p>Sicherheit <\/p>\n                    <p>Der Veranstalter beh\u00e4lt sich vor, die Ausr\u00fcstung des Teilnehmers einer Sicherheits\u00fcberpr\u00fcfung zu unterziehen. Beanstandete Gegenst\u00e4nde d\u00fcrfen im Spiel nicht weiter verwendet werden. Zuwiderhandlungen k\u00f6nnen zum Ausschluss f\u00fchren.<\/p>\n                    <p>Der Teilnehmer ist verpflichtet, seine Ausr\u00fcstung (insbesondere die von ihm verwendeten Polsterwaffen und R\u00fcstungen) auf Spielsicherheit zu kontrollieren. Soweit sei den Sicherheitsbestimmungen nicht oder nicht mehr entsprechen, hat\n                      er sie selbst\u00e4ndig aus dem Gebrauch zu nehmen.<\/p>\n                    <p>Der Teilnehmer verpflichtet sich, \u00fcber das normale Risiko von Live-Rollenspiel hinausgehende Gef\u00e4hrdungen f\u00fcr sich, andere Teilnehmer und die Umgebung zu vermeiden. Insbesondere z\u00e4hlt dazu das Klettern an ungesicherten Steilh\u00e4ngen\n                      und Mauern, das Entfachen von offenen Feuern au\u00dferhalb von daf\u00fcr vorgesehenen Feuerst\u00e4tten.<\/p>\n                    <p>Wer Alkohol in einer Menge getrunken oder Medikamente zu sich genommen hat, die das F\u00fchren eines Fahrzeugs auf \u00f6ffentlichen Stra\u00dfen unzul\u00e4ssig macht, hat von K\u00e4mpfen jeder Art sowie von k\u00f6rperlich gef\u00e4hrlichen \u00dcbungen wie Klettern\n                      unbedingt Abstand zu halten. Zuwiderhandlungen f\u00fchren zum sofortigen Ausschluss vom Spiel ohne R\u00fcckerstattung des Teilnahmebeitrags.<\/p>\n                    <p>Den Anweisungen des Veranstalters und seiner Erf\u00fcllungsgehilfen ist Folge zu leisten.<\/p>\n                    <p>Teilnehmer, die gegen die Sicherheitsbestimmungen versto\u00dfen oder den Anweisungen des Veranstalters in schwerwiegender Art und Weise oder wiederholt nicht Folge leisten, k\u00f6nnen von der Veranstaltung verwiesen werden, ohne dass der Veranstalter\n                      eine Pflicht zur R\u00fcckerstattung des Teilnehmerbeitrages hat. <\/p>\n                    <p>Haftung<\/p>\n                    <p>Mit Ausnahme der Verletzung von K\u00f6rper, Leben oder Gesundheit wird die Haftung des Veranstalters wie folgt beschr\u00e4nkt: Der Veranstalter haftet nur f\u00fcr Sch\u00e4den, die auf einer vors\u00e4tzlichen oder grob fahrl\u00e4ssigen Pflichtverletzung des\n                      Veranstalters, eines gesetzlichen Vertreters oder Erf\u00fcllungsgehilfen des Veranstalters beruhen.<\/p>\n                    <p>Schadensersatzanspr\u00fcche aus Unm\u00f6glichkeit der Leistung, Pflichtverletzung und Verzug sind bei leichter Fahrl\u00e4ssigkeit auf den Ersatz des vorhersehbaren Schadens beschr\u00e4nkt.<\/p>\n                    <p>Tr\u00e4gt der Teilnehmer eine Brille, so haftet er selbst f\u00fcr durch die oder an der Brille entstandene Sch\u00e4den.<\/p>\n                    <p>Urheberrecht an Aufzeichnungen<\/p>\n                    <p>Alle Rechte an seitens des Veranstalters gemachten Ton-, Film- und Videoaufnahmen bleiben dem Veranstalter vorbehalten.<\/p>\n                    <p>Der Veranstalter ist berechtigt, die ganze Veranstaltung oder Teile davon aufzuzeichnen und diese Aufzeichnungen zu Zwecken der Eigenwerbung zu verwerten.<\/p>\n                    <p>Alle Rechte an der aufgef\u00fchrten Handlung, sowie dem vom Veranstalter verwendeten Ensemble von Begriffen, Eigennamen und Nicht-Spieler-Charakteren bleiben dem Veranstalter vorbehalten. Die Rechte an den Spielercharakteren, ihrer Geschichte\n                      sowie ihrem Teil der Handlung verbleiben bei dem jeweiligen Spieler.<\/p>\n                    <p>Aufnahmen von Seiten der Teilnehmer sind f\u00fcr private Zwecke zul\u00e4ssig.<\/p>\n                    <p>Jede \u00f6ffentliche Auff\u00fchrung, \u00dcbertragung oder Wiedergabe von Aufnahmen, auch nach Bearbeitung, ist nur mit Einverst\u00e4ndnis des Veranstalters zul\u00e4ssig.<\/p>\n                    <p>R\u00fccktritt, Nichtannahme der Anmeldung, Ausschluss von der Veranstaltung<\/p>\n                    <p>Die Teilnehmerzahl ist begrenzt. Teilnehmerpl\u00e4tze sind nur mit Zustimmung des Veranstalters \u00fcbertragbar.<\/p>\n                    <p>Bei R\u00fccktritt des Teilnehmers nach Vertragsschluss gem. 1. &#8211; egal zu welchem Zeitpunkt &#8211; wird eine Stornogeb\u00fchr von 20,- Euro f\u00e4llig. Wenn der Teilnehmer eine Ersatzperson als Teilnehmer stellt, und mit dieser Ersatzperson kommt ein\n                      Vertrag nach 1. zustande, so mindert sich die Stornogeb\u00fchr auf 5 Euro.<\/p>\n                    <p>Bei R\u00fccktritt versucht der Veranstalter, den Platz anderweitig zu vergeben. Sollte dies nicht m\u00f6glich sein, wird der Teilnehmerbeitrag nicht zur\u00fcckerstattet.<\/p>\n                    <p> Der Veranstalter beh\u00e4lt sich vor, Teilnehmer im Vorfeld unter R\u00fcckerstattung des Teilnahmebeitrages von der Veranstaltung auszuschlie\u00dfen, bzw. die eingegangene Anmeldung nicht anzunehmen.<\/p>\n                    <p>Teilnehmerbeitrag, Zahlungsverzug<\/p>\n                    <p>Die Zahlung des Teilnehmerbeitrages erfolgt grunds\u00e4tzlich im Voraus. Sollte die Zahlung bis zum Veranstaltungstermin nicht erfolgt sein, so wird ein S\u00e4umniszuschlag von 15,- Euro f\u00e4llig. Unber\u00fchrt davon bleibt das Recht des Veranstalters,\n                      tats\u00e4chlich entstandene h\u00f6here Unkosten gegen Quittungsvorlage geltend zu machen.<\/p>\n                    <p>Ist der Teilnahmebeitrag noch nicht in voller H\u00f6he entrichtet, ist der Veranstalter berechtigt, dem Teilnehmer eine Frist zur Zahlung zu setzen verbunden mit der Erkl\u00e4rung, dass er nach Ablauf der Frist den Platz einem Dritten \u00fcberl\u00e4sst.\n                      Die gesetzte Zahlungsfrist muss mindestens 8 Tage betragen.<\/p>\n                    <p>Sollte ohne schuldhaftes Zutun des Veranstalters beim Einzug des Teilnehmerbeitrages im Lastschriftverfahren oder im Scheckverfahren eine R\u00fccklastschrift erfolgen, so hat der Teilnehmer die anfallenden Bankgeb\u00fchren zu tragen.<\/p>\n                    <p>Bei Anmeldungen im Namen und Rechnung eines Dritten haftet der Anmeldende f\u00fcr dessen Verbindlichkeiten aus dieser Verpflichtung als Gesamtschuldner.<\/p>\n                    <p>NSC<\/p>\n                    <p>Der NSC ist an die Weisung der Spielleitung gebunden. Ihren Anordnungen hat er Folge zu leisten.<\/p>\n                    <p>NSCs, die aus Gr\u00fcnden von Absatz 3 der Veranstaltung verwiesen werden, k\u00f6nnen \u00fcber ihren Teilnehmerbetrag hinaus auf die volle H\u00f6he des SC-Beitrags in Anspruch genommen werden.<\/p>\n                    <p>Rabatte<\/p>\n                    <p>Werden Teilnehmern f\u00fcr die Wahrnehmung bestimmter Funktionen Rabatte vom \u00fcblichen Teilnehmerbeitrag einger\u00e4umt, so gilt die Differenz als gestundet, bis die vereinbarte Leistung im vereinbarten Umfang erbracht wurde. Von dieser Regelung\n                      sind Rabatte f\u00fcr Sanit\u00e4ter ausdr\u00fccklich ausgenommen.<\/p>\n                    <p>K\u00f6nnen die Teilnehmer nach Absatz 1 die vereinbarte Leistung aus einem Grund nicht erbringen, f\u00fcr den der Veranstalter die Verantwortung tr\u00e4gt, so bleibt der Rabatt gleichwohl bestehen.<\/p>\n                    <p>Sonstiges<\/p>\n                    <p>Die Wirksamkeit dieser Allgemeinen Gesch\u00e4ftsbedingungen bleibt von der Unwirksamkeit einzelner Punkte dieser Allgemeinen Gesch\u00e4ftsbedingungen unber\u00fchrt.<\/p>\n                    <p>Es gelten die Allgemeinen Gesch\u00e4fts- sowie Teilnahmebedingungen des Veranstalters und das Recht der Bundesrepublik Deutschland, Erf\u00fcllungsort und Gerichtsstand ist Magdeburg.<\/p>\n                  <\/div>\n                <\/div>\n              <\/div>\n            <\/div>\n          <\/div>\n        <\/div>\n      <\/div>\n    <\/div>\n  <\/div>\n<\/div>","protected":false},"excerpt":{"rendered":"<p>Allgemeine Gesch\u00e4ftsbedingungen auf unseren Veranstaltungen Zustandekommen des Vertrages Der Vertrag kommt zustande durch die Anmeldebest\u00e4tigung des Veranstalters (Widukinds W\u00e4chter e.V.). Reagiert der Veranstalter nicht innerhalb von 14 Tagen auf die Anmeldung des Teilnehmers, so ist der Teilnehmer an seine Anmeldung nicht mehr gebunden. Jeder Teilnehmer muss zu Beginn der Veranstaltung das Alter von 18 Jahren [&hellip;]<\/p>\n","protected":false},"author":1,"featured_media":0,"parent":0,"menu_order":0,"comment_status":"closed","ping_status":"closed","template":"page-templates\/full-width-page.php","meta":{"footnotes":""},"class_list":["post-145","page","type-page","status-publish","hentry"],"_links":{"self":[{"href":"https:\/\/widukinds-waechter.de\/index.php?rest_route=\/wp\/v2\/pages\/145","targetHints":{"allow":["GET"]}}],"collection":[{"href":"https:\/\/widukinds-waechter.de\/index.php?rest_route=\/wp\/v2\/pages"}],"about":[{"href":"https:\/\/widukinds-waechter.de\/index.php?rest_route=\/wp\/v2\/types\/page"}],"author":[{"embeddable":true,"href":"https:\/\/widukinds-waechter.de\/index.php?rest_route=\/wp\/v2\/users\/1"}],"replies":[{"embeddable":true,"href":"https:\/\/widukinds-waechter.de\/index.php?rest_route=%2Fwp%2Fv2%2Fcomments&post=145"}],"version-history":[{"count":2,"href":"https:\/\/widukinds-waechter.de\/index.php?rest_route=\/wp\/v2\/pages\/145\/revisions"}],"predecessor-version":[{"id":1189,"href":"https:\/\/widukinds-waechter.de\/index.php?rest_route=\/wp\/v2\/pages\/145\/revisions\/1189"}],"wp:attachment":[{"href":"https:\/\/widukinds-waechter.de\/index.php?rest_route=%2Fwp%2Fv2%2Fmedia&parent=145"}],"curies":[{"name":"wp","href":"https:\/\/api.w.org\/{rel}","templated":true}]}}