{"id":1522,"date":"2021-01-17T20:12:32","date_gmt":"2021-01-17T19:12:32","guid":{"rendered":"https:\/\/widukinds-waechter.de\/?page_id=1522"},"modified":"2022-01-14T18:16:20","modified_gmt":"2022-01-14T17:16:20","slug":"schaukampf","status":"publish","type":"page","link":"https:\/\/widukinds-waechter.de\/?page_id=1522","title":{"rendered":"Schaukampf"},"content":{"rendered":"\t\t<div data-elementor-type=\"wp-page\" data-elementor-id=\"1522\" class=\"elementor elementor-1522\">\n\t\t\t\t\t\t<section class=\"elementor-section elementor-top-section elementor-element elementor-element-48072b9 elementor-section-boxed elementor-section-height-default elementor-section-height-default\" data-id=\"48072b9\" data-element_type=\"section\" data-e-type=\"section\">\n\t\t\t\t\t\t<div class=\"elementor-container elementor-column-gap-default\">\n\t\t\t\t\t<div class=\"elementor-column elementor-col-100 elementor-top-column elementor-element elementor-element-349649c\" data-id=\"349649c\" data-element_type=\"column\" data-e-type=\"column\">\n\t\t\t<div class=\"elementor-widget-wrap elementor-element-populated\">\n\t\t\t\t\t\t<div class=\"elementor-element elementor-element-83b0325 elementor-widget elementor-widget-heading\" data-id=\"83b0325\" data-element_type=\"widget\" data-e-type=\"widget\" data-widget_type=\"heading.default\">\n\t\t\t\t<div class=\"elementor-widget-container\">\n\t\t\t\t\t<h3 class=\"elementor-heading-title elementor-size-default\">Was stellen wir dar?<\/h3>\t\t\t\t<\/div>\n\t\t\t\t<\/div>\n\t\t\t\t<div class=\"elementor-element elementor-element-bd25ebc elementor-widget elementor-widget-text-editor\" data-id=\"bd25ebc\" data-element_type=\"widget\" data-e-type=\"widget\" data-widget_type=\"text-editor.default\">\n\t\t\t\t<div class=\"elementor-widget-container\">\n\t\t\t\t\t\t\t\t\tIn unserer Schaukampfgruppe stellen wir haupts\u00e4chlich Ereignisse aus dem Mittelalter dar, die den Zeitraum von 768 bis 1525 n. Chr. umfassen. Dabei konzentrieren wir uns vornehmlich &#8211; aber nicht ausschlie\u00dflich &#8211; auf Ereignisse aus der Region Magdeburg, wie zum Beispiel die Auseinandersetzung zwischen dem Magdeburger Erzstift mit den Raubrittern von Quitzow (um 1390) oder auch den \u00dcberf\u00e4llen der Merseburger Schar im ostelbischen Slawengebiet (um 925).\t\t\t\t\t\t\t\t<\/div>\n\t\t\t\t<\/div>\n\t\t\t\t<div class=\"elementor-element elementor-element-49dd5b3 elementor-widget elementor-widget-heading\" data-id=\"49dd5b3\" data-element_type=\"widget\" data-e-type=\"widget\" data-widget_type=\"heading.default\">\n\t\t\t\t<div class=\"elementor-widget-container\">\n\t\t\t\t\t<h3 class=\"elementor-heading-title elementor-size-default\">Wer kann mitmachen?<\/h3>\t\t\t\t<\/div>\n\t\t\t\t<\/div>\n\t\t\t\t<div class=\"elementor-element elementor-element-777c737 elementor-widget elementor-widget-text-editor\" data-id=\"777c737\" data-element_type=\"widget\" data-e-type=\"widget\" data-widget_type=\"text-editor.default\">\n\t\t\t\t<div class=\"elementor-widget-container\">\n\t\t\t\t\t\t\t\t\t<strong>Jeder<\/strong>, der schon Erfahrung im Umgang mit Blank- und Stangenwaffen oder zumindest der waffenlosen Kampfk\u00fcnste sowie im Rollenspiel hat.\t\t\t\t\t\t\t\t<\/div>\n\t\t\t\t<\/div>\n\t\t\t\t<div class=\"elementor-element elementor-element-f8898b8 elementor-widget elementor-widget-heading\" data-id=\"f8898b8\" data-element_type=\"widget\" data-e-type=\"widget\" data-widget_type=\"heading.default\">\n\t\t\t\t<div class=\"elementor-widget-container\">\n\t\t\t\t\t<h5 class=\"elementor-heading-title elementor-size-default\">Materielle Voraussetzungen<\/h5>\t\t\t\t<\/div>\n\t\t\t\t<\/div>\n\t\t\t\t<div class=\"elementor-element elementor-element-24d1015 elementor-widget elementor-widget-text-editor\" data-id=\"24d1015\" data-element_type=\"widget\" data-e-type=\"widget\" data-widget_type=\"text-editor.default\">\n\t\t\t\t<div class=\"elementor-widget-container\">\n\t\t\t\t\t\t\t\t\tDu solltest nach M\u00f6glichkeit auch \u00fcber eine eigene schaukampftaugliche Blank- oder Stangenwaffe, einen schaukampftauglichen Helm (min. 2mm Stahl), einen Gambeson und gepolsterte Handschuhe oder Plattenhandschuhe verf\u00fcgen oder zeitnah anschaffen.\n<br><br>\nDer Verein verf\u00fcgt f\u00fcr Vereinsmitglieder auch \u00fcber eine kleine R\u00fcstkammer, wo ein paar Schwerter, ein paar Helme und mehrere Paar Plattenhandschuhe f\u00fcr den Schaukampf zur Verf\u00fcgung stehen.\t\t\t\t\t\t\t\t<\/div>\n\t\t\t\t<\/div>\n\t\t\t\t<div class=\"elementor-element elementor-element-2dbdb9e elementor-widget elementor-widget-heading\" data-id=\"2dbdb9e\" data-element_type=\"widget\" data-e-type=\"widget\" data-widget_type=\"heading.default\">\n\t\t\t\t<div class=\"elementor-widget-container\">\n\t\t\t\t\t<h5 class=\"elementor-heading-title elementor-size-default\">K\u00f6rperliche Voraussetzungen<\/h5>\t\t\t\t<\/div>\n\t\t\t\t<\/div>\n\t\t\t\t<div class=\"elementor-element elementor-element-39752a6 elementor-widget elementor-widget-text-editor\" data-id=\"39752a6\" data-element_type=\"widget\" data-e-type=\"widget\" data-widget_type=\"text-editor.default\">\n\t\t\t\t<div class=\"elementor-widget-container\">\n\t\t\t\t\t\t\t\t\tDu solltest Kondition, gutes K\u00f6rperbewusstsein, Kraft und Belastbarkeit (schwere Ausr\u00fcstung) mitbringen und in der Lage sein, richtig zu Fallen oder dich abzurollen.\t\t\t\t\t\t\t\t<\/div>\n\t\t\t\t<\/div>\n\t\t\t\t<div class=\"elementor-element elementor-element-c1300da elementor-widget elementor-widget-heading\" data-id=\"c1300da\" data-element_type=\"widget\" data-e-type=\"widget\" data-widget_type=\"heading.default\">\n\t\t\t\t<div class=\"elementor-widget-container\">\n\t\t\t\t\t<h5 class=\"elementor-heading-title elementor-size-default\">Schauspielerische Voraussetzungen<\/h5>\t\t\t\t<\/div>\n\t\t\t\t<\/div>\n\t\t\t\t<div class=\"elementor-element elementor-element-ff5aae0 elementor-widget elementor-widget-text-editor\" data-id=\"ff5aae0\" data-element_type=\"widget\" data-e-type=\"widget\" data-widget_type=\"text-editor.default\">\n\t\t\t\t<div class=\"elementor-widget-container\">\n\t\t\t\t\t\t\t\t\tDa wir ja SCHAUkampf machen, solltest du erstens keine Angst oder Hemmungen haben vor Publikum aufzutreten, zweitens ein gewisses Improvisationstalent mitbringen und drittens in der Lage sein, deine K\u00f6rpersprache ad\u00e4quat einzusetzen, da wir ohne Mikro unseren Rollen Leben einhauchen.\t\t\t\t\t\t\t\t<\/div>\n\t\t\t\t<\/div>\n\t\t\t\t\t<\/div>\n\t\t<\/div>\n\t\t\t\t\t<\/div>\n\t\t<\/section>\n\t\t\t\t<section class=\"elementor-section elementor-top-section elementor-element elementor-element-8e2d5ed elementor-section-boxed elementor-section-height-default elementor-section-height-default\" data-id=\"8e2d5ed\" data-element_type=\"section\" data-e-type=\"section\">\n\t\t\t\t\t\t<div class=\"elementor-container elementor-column-gap-default\">\n\t\t\t\t\t<div class=\"elementor-column elementor-col-100 elementor-top-column elementor-element elementor-element-237b645\" data-id=\"237b645\" data-element_type=\"column\" data-e-type=\"column\">\n\t\t\t<div class=\"elementor-widget-wrap elementor-element-populated\">\n\t\t\t\t\t\t<div class=\"elementor-element elementor-element-e1c015f elementor-widget elementor-widget-image-gallery\" data-id=\"e1c015f\" data-element_type=\"widget\" data-e-type=\"widget\" data-widget_type=\"image-gallery.default\">\n\t\t\t\t<div class=\"elementor-widget-container\">\n\t\t\t\t\t\t\t<div class=\"elementor-image-gallery\">\n\t\t\t\n\t\t<style type=\"text\/css\">\n\t\t\t#gallery-1 {\n\t\t\t\tmargin: auto;\n\t\t\t}\n\t\t\t#gallery-1 .gallery-item {\n\t\t\t\tfloat: left;\n\t\t\t\tmargin-top: 10px;\n\t\t\t\ttext-align: center;\n\t\t\t\twidth: 25%;\n\t\t\t}\n\t\t\t#gallery-1 img {\n\t\t\t\tborder: 2px solid #cfcfcf;\n\t\t\t}\n\t\t\t#gallery-1 .gallery-caption {\n\t\t\t\tmargin-left: 0;\n\t\t\t}\n\t\t\t\/* see gallery_shortcode() in wp-includes\/media.php *\/\n\t\t<\/style>\n\t\t<div id='gallery-1' class='gallery galleryid-1522 gallery-columns-4 gallery-size-medium'><dl class='gallery-item'>\n\t\t\t<dt class='gallery-icon landscape'>\n\t\t\t\t<a data-elementor-open-lightbox=\"yes\" data-elementor-lightbox-slideshow=\"e1c015f\" data-elementor-lightbox-title=\"KOF 2020\" data-e-action-hash=\"#elementor-action%3Aaction%3Dlightbox%26settings%3DeyJpZCI6MTYwNiwidXJsIjoiaHR0cHM6XC9cL3dpZHVraW5kcy13YWVjaHRlci5kZVwvd3AtY29udGVudFwvdXBsb2Fkc1wvMjAyMVwvMDJcL0lNRy0yMDIwMTAwNS1XQTAwMTMuanBnIiwic2xpZGVzaG93IjoiZTFjMDE1ZiJ9\" href='https:\/\/widukinds-waechter.de\/wp-content\/uploads\/2021\/02\/IMG-20201005-WA0013.jpg'><img fetchpriority=\"high\" decoding=\"async\" width=\"300\" height=\"200\" src=\"https:\/\/widukinds-waechter.de\/wp-content\/uploads\/2021\/02\/IMG-20201005-WA0013-300x200.jpg\" class=\"attachment-medium size-medium\" alt=\"\" aria-describedby=\"gallery-1-1606\" srcset=\"https:\/\/widukinds-waechter.de\/wp-content\/uploads\/2021\/02\/IMG-20201005-WA0013-300x200.jpg 300w, https:\/\/widukinds-waechter.de\/wp-content\/uploads\/2021\/02\/IMG-20201005-WA0013-1024x683.jpg 1024w, https:\/\/widukinds-waechter.de\/wp-content\/uploads\/2021\/02\/IMG-20201005-WA0013-768x512.jpg 768w, https:\/\/widukinds-waechter.de\/wp-content\/uploads\/2021\/02\/IMG-20201005-WA0013.jpg 1152w\" sizes=\"(max-width: 300px) 100vw, 300px\" \/><\/a>\n\t\t\t<\/dt>\n\t\t\t\t<dd class='wp-caption-text gallery-caption' id='gallery-1-1606'>\n\t\t\t\tDa kommt Johann von Quitzow, um seinen Bruder zu befreieen.\n\t\t\t\t<\/dd><\/dl><dl class='gallery-item'>\n\t\t\t<dt class='gallery-icon landscape'>\n\t\t\t\t<a data-elementor-open-lightbox=\"yes\" data-elementor-lightbox-slideshow=\"e1c015f\" data-elementor-lightbox-title=\"KOF 2020\" data-e-action-hash=\"#elementor-action%3Aaction%3Dlightbox%26settings%3DeyJpZCI6MTYwNSwidXJsIjoiaHR0cHM6XC9cL3dpZHVraW5kcy13YWVjaHRlci5kZVwvd3AtY29udGVudFwvdXBsb2Fkc1wvMjAyMVwvMDJcL0lNRy0yMDIwMTAwNS1XQTAwMTIuanBnIiwic2xpZGVzaG93IjoiZTFjMDE1ZiJ9\" href='https:\/\/widukinds-waechter.de\/wp-content\/uploads\/2021\/02\/IMG-20201005-WA0012.jpg'><img decoding=\"async\" width=\"300\" height=\"200\" src=\"https:\/\/widukinds-waechter.de\/wp-content\/uploads\/2021\/02\/IMG-20201005-WA0012-300x200.jpg\" class=\"attachment-medium size-medium\" alt=\"\" aria-describedby=\"gallery-1-1605\" srcset=\"https:\/\/widukinds-waechter.de\/wp-content\/uploads\/2021\/02\/IMG-20201005-WA0012-300x200.jpg 300w, https:\/\/widukinds-waechter.de\/wp-content\/uploads\/2021\/02\/IMG-20201005-WA0012-1024x683.jpg 1024w, https:\/\/widukinds-waechter.de\/wp-content\/uploads\/2021\/02\/IMG-20201005-WA0012-768x512.jpg 768w, https:\/\/widukinds-waechter.de\/wp-content\/uploads\/2021\/02\/IMG-20201005-WA0012.jpg 1152w\" sizes=\"(max-width: 300px) 100vw, 300px\" \/><\/a>\n\t\t\t<\/dt>\n\t\t\t\t<dd class='wp-caption-text gallery-caption' id='gallery-1-1605'>\n\t\t\t\tDie Schauk\u00e4mpfer von Widukinds W\u00e4chter 2020\n\t\t\t\t<\/dd><\/dl><dl class='gallery-item'>\n\t\t\t<dt class='gallery-icon landscape'>\n\t\t\t\t<a data-elementor-open-lightbox=\"yes\" data-elementor-lightbox-slideshow=\"e1c015f\" data-elementor-lightbox-title=\"KOF 2020\" data-e-action-hash=\"#elementor-action%3Aaction%3Dlightbox%26settings%3DeyJpZCI6MTYwNCwidXJsIjoiaHR0cHM6XC9cL3dpZHVraW5kcy13YWVjaHRlci5kZVwvd3AtY29udGVudFwvdXBsb2Fkc1wvMjAyMVwvMDJcL0lNRy0yMDIwMTAwMy1XQTAwMTUuanBnIiwic2xpZGVzaG93IjoiZTFjMDE1ZiJ9\" href='https:\/\/widukinds-waechter.de\/wp-content\/uploads\/2021\/02\/IMG-20201003-WA0015.jpg'><img decoding=\"async\" width=\"300\" height=\"225\" src=\"https:\/\/widukinds-waechter.de\/wp-content\/uploads\/2021\/02\/IMG-20201003-WA0015-300x225.jpg\" class=\"attachment-medium size-medium\" alt=\"\" aria-describedby=\"gallery-1-1604\" srcset=\"https:\/\/widukinds-waechter.de\/wp-content\/uploads\/2021\/02\/IMG-20201003-WA0015-300x225.jpg 300w, https:\/\/widukinds-waechter.de\/wp-content\/uploads\/2021\/02\/IMG-20201003-WA0015-1024x768.jpg 1024w, https:\/\/widukinds-waechter.de\/wp-content\/uploads\/2021\/02\/IMG-20201003-WA0015-768x576.jpg 768w, https:\/\/widukinds-waechter.de\/wp-content\/uploads\/2021\/02\/IMG-20201003-WA0015-1536x1152.jpg 1536w, https:\/\/widukinds-waechter.de\/wp-content\/uploads\/2021\/02\/IMG-20201003-WA0015.jpg 1600w\" sizes=\"(max-width: 300px) 100vw, 300px\" \/><\/a>\n\t\t\t<\/dt>\n\t\t\t\t<dd class='wp-caption-text gallery-caption' id='gallery-1-1604'>\n\t\t\t\tNoch ist Dietrich der Gefangene vom Rostigen Robert\n\t\t\t\t<\/dd><\/dl><dl class='gallery-item'>\n\t\t\t<dt class='gallery-icon landscape'>\n\t\t\t\t<a data-elementor-open-lightbox=\"yes\" data-elementor-lightbox-slideshow=\"e1c015f\" data-elementor-lightbox-title=\"KOF 2020\" data-e-action-hash=\"#elementor-action%3Aaction%3Dlightbox%26settings%3DeyJpZCI6MTYwMywidXJsIjoiaHR0cHM6XC9cL3dpZHVraW5kcy13YWVjaHRlci5kZVwvd3AtY29udGVudFwvdXBsb2Fkc1wvMjAyMVwvMDJcL0lNRy0yMDIwMTAwMy1XQTAwMDQuanBnIiwic2xpZGVzaG93IjoiZTFjMDE1ZiJ9\" href='https:\/\/widukinds-waechter.de\/wp-content\/uploads\/2021\/02\/IMG-20201003-WA0004.jpg'><img loading=\"lazy\" decoding=\"async\" width=\"300\" height=\"225\" src=\"https:\/\/widukinds-waechter.de\/wp-content\/uploads\/2021\/02\/IMG-20201003-WA0004-300x225.jpg\" class=\"attachment-medium size-medium\" alt=\"\" aria-describedby=\"gallery-1-1603\" srcset=\"https:\/\/widukinds-waechter.de\/wp-content\/uploads\/2021\/02\/IMG-20201003-WA0004-300x225.jpg 300w, https:\/\/widukinds-waechter.de\/wp-content\/uploads\/2021\/02\/IMG-20201003-WA0004-1024x768.jpg 1024w, https:\/\/widukinds-waechter.de\/wp-content\/uploads\/2021\/02\/IMG-20201003-WA0004-768x576.jpg 768w, https:\/\/widukinds-waechter.de\/wp-content\/uploads\/2021\/02\/IMG-20201003-WA0004-1536x1152.jpg 1536w, https:\/\/widukinds-waechter.de\/wp-content\/uploads\/2021\/02\/IMG-20201003-WA0004.jpg 1600w\" sizes=\"(max-width: 300px) 100vw, 300px\" \/><\/a>\n\t\t\t<\/dt>\n\t\t\t\t<dd class='wp-caption-text gallery-caption' id='gallery-1-1603'>\n\t\t\t\tDer harte Kampf der beiden Ritter\n\t\t\t\t<\/dd><\/dl><br style=\"clear: both\" \/><dl class='gallery-item'>\n\t\t\t<dt class='gallery-icon portrait'>\n\t\t\t\t<a data-elementor-open-lightbox=\"yes\" data-elementor-lightbox-slideshow=\"e1c015f\" data-elementor-lightbox-title=\"KOF 2020\" data-e-action-hash=\"#elementor-action%3Aaction%3Dlightbox%26settings%3DeyJpZCI6MTYwMiwidXJsIjoiaHR0cHM6XC9cL3dpZHVraW5kcy13YWVjaHRlci5kZVwvd3AtY29udGVudFwvdXBsb2Fkc1wvMjAyMVwvMDJcL0lNRy0yMDIwMTAwMy1XQTAwMDMuanBnIiwic2xpZGVzaG93IjoiZTFjMDE1ZiJ9\" href='https:\/\/widukinds-waechter.de\/wp-content\/uploads\/2021\/02\/IMG-20201003-WA0003.jpg'><img loading=\"lazy\" decoding=\"async\" width=\"225\" height=\"300\" src=\"https:\/\/widukinds-waechter.de\/wp-content\/uploads\/2021\/02\/IMG-20201003-WA0003-225x300.jpg\" class=\"attachment-medium size-medium\" alt=\"\" aria-describedby=\"gallery-1-1602\" srcset=\"https:\/\/widukinds-waechter.de\/wp-content\/uploads\/2021\/02\/IMG-20201003-WA0003-225x300.jpg 225w, https:\/\/widukinds-waechter.de\/wp-content\/uploads\/2021\/02\/IMG-20201003-WA0003-768x1024.jpg 768w, https:\/\/widukinds-waechter.de\/wp-content\/uploads\/2021\/02\/IMG-20201003-WA0003-1152x1536.jpg 1152w, https:\/\/widukinds-waechter.de\/wp-content\/uploads\/2021\/02\/IMG-20201003-WA0003.jpg 1200w\" sizes=\"(max-width: 225px) 100vw, 225px\" \/><\/a>\n\t\t\t<\/dt>\n\t\t\t\t<dd class='wp-caption-text gallery-caption' id='gallery-1-1602'>\n\t\t\t\tDer Rostige Robert besiegt den Raubritter\n\t\t\t\t<\/dd><\/dl><dl class='gallery-item'>\n\t\t\t<dt class='gallery-icon portrait'>\n\t\t\t\t<a data-elementor-open-lightbox=\"yes\" data-elementor-lightbox-slideshow=\"e1c015f\" data-elementor-lightbox-title=\"KOF 2020\" data-e-action-hash=\"#elementor-action%3Aaction%3Dlightbox%26settings%3DeyJpZCI6MTYwMSwidXJsIjoiaHR0cHM6XC9cL3dpZHVraW5kcy13YWVjaHRlci5kZVwvd3AtY29udGVudFwvdXBsb2Fkc1wvMjAyMVwvMDJcL0lNRy0yMDIwMTAwMy1XQTAwMDcuanBnIiwic2xpZGVzaG93IjoiZTFjMDE1ZiJ9\" href='https:\/\/widukinds-waechter.de\/wp-content\/uploads\/2021\/02\/IMG-20201003-WA0007.jpg'><img loading=\"lazy\" decoding=\"async\" width=\"225\" height=\"300\" src=\"https:\/\/widukinds-waechter.de\/wp-content\/uploads\/2021\/02\/IMG-20201003-WA0007-225x300.jpg\" class=\"attachment-medium size-medium\" alt=\"\" aria-describedby=\"gallery-1-1601\" srcset=\"https:\/\/widukinds-waechter.de\/wp-content\/uploads\/2021\/02\/IMG-20201003-WA0007-225x300.jpg 225w, https:\/\/widukinds-waechter.de\/wp-content\/uploads\/2021\/02\/IMG-20201003-WA0007-768x1024.jpg 768w, https:\/\/widukinds-waechter.de\/wp-content\/uploads\/2021\/02\/IMG-20201003-WA0007-1152x1536.jpg 1152w, https:\/\/widukinds-waechter.de\/wp-content\/uploads\/2021\/02\/IMG-20201003-WA0007.jpg 1200w\" sizes=\"(max-width: 225px) 100vw, 225px\" \/><\/a>\n\t\t\t<\/dt>\n\t\t\t\t<dd class='wp-caption-text gallery-caption' id='gallery-1-1601'>\n\t\t\t\tRaubritter Dietrich von Quitzow mit der Kriegskasse\n\t\t\t\t<\/dd><\/dl><dl class='gallery-item'>\n\t\t\t<dt class='gallery-icon portrait'>\n\t\t\t\t<a data-elementor-open-lightbox=\"yes\" data-elementor-lightbox-slideshow=\"e1c015f\" data-elementor-lightbox-title=\"20190608_144037\" data-e-action-hash=\"#elementor-action%3Aaction%3Dlightbox%26settings%3DeyJpZCI6MTU5OSwidXJsIjoiaHR0cHM6XC9cL3dpZHVraW5kcy13YWVjaHRlci5kZVwvd3AtY29udGVudFwvdXBsb2Fkc1wvMjAyMVwvMDJcLzIwMTkwNjA4XzE0NDAzNy0yLXNjYWxlZC5qcGciLCJzbGlkZXNob3ciOiJlMWMwMTVmIn0%3D\" href='https:\/\/widukinds-waechter.de\/wp-content\/uploads\/2021\/02\/20190608_144037-2-scaled.jpg'><img loading=\"lazy\" decoding=\"async\" width=\"169\" height=\"300\" src=\"https:\/\/widukinds-waechter.de\/wp-content\/uploads\/2021\/02\/20190608_144037-2-169x300.jpg\" class=\"attachment-medium size-medium\" alt=\"\" srcset=\"https:\/\/widukinds-waechter.de\/wp-content\/uploads\/2021\/02\/20190608_144037-2-169x300.jpg 169w, https:\/\/widukinds-waechter.de\/wp-content\/uploads\/2021\/02\/20190608_144037-2-576x1024.jpg 576w, https:\/\/widukinds-waechter.de\/wp-content\/uploads\/2021\/02\/20190608_144037-2-768x1365.jpg 768w, https:\/\/widukinds-waechter.de\/wp-content\/uploads\/2021\/02\/20190608_144037-2-864x1536.jpg 864w, https:\/\/widukinds-waechter.de\/wp-content\/uploads\/2021\/02\/20190608_144037-2-scaled.jpg 1440w\" sizes=\"(max-width: 169px) 100vw, 169px\" \/><\/a>\n\t\t\t<\/dt><\/dl><dl class='gallery-item'>\n\t\t\t<dt class='gallery-icon landscape'>\n\t\t\t\t<a data-elementor-open-lightbox=\"yes\" data-elementor-lightbox-slideshow=\"e1c015f\" data-elementor-lightbox-title=\"Specci 2019\" data-e-action-hash=\"#elementor-action%3Aaction%3Dlightbox%26settings%3DeyJpZCI6MTU5NywidXJsIjoiaHR0cHM6XC9cL3dpZHVraW5kcy13YWVjaHRlci5kZVwvd3AtY29udGVudFwvdXBsb2Fkc1wvMjAyMVwvMDJcL0lNRy0yMDE5MDYxOS1XQTAwMDAtZTE2MTI1NDc3MDg3MDIuanBnIiwic2xpZGVzaG93IjoiZTFjMDE1ZiJ9\" href='https:\/\/widukinds-waechter.de\/wp-content\/uploads\/2021\/02\/IMG-20190619-WA0000-e1612547708702.jpg'><img loading=\"lazy\" decoding=\"async\" width=\"300\" height=\"244\" src=\"https:\/\/widukinds-waechter.de\/wp-content\/uploads\/2021\/02\/IMG-20190619-WA0000-e1612547708702-300x244.jpg\" class=\"attachment-medium size-medium\" alt=\"Schaukampf 2019\" aria-describedby=\"gallery-1-1597\" srcset=\"https:\/\/widukinds-waechter.de\/wp-content\/uploads\/2021\/02\/IMG-20190619-WA0000-e1612547708702-300x244.jpg 300w, https:\/\/widukinds-waechter.de\/wp-content\/uploads\/2021\/02\/IMG-20190619-WA0000-e1612547708702.jpg 696w\" sizes=\"(max-width: 300px) 100vw, 300px\" \/><\/a>\n\t\t\t<\/dt>\n\t\t\t\t<dd class='wp-caption-text gallery-caption' id='gallery-1-1597'>\n\t\t\t\tAbt Adalbert erwehrt sich einem War\u00e4ger.\n\t\t\t\t<\/dd><\/dl><br style=\"clear: both\" \/>\n\t\t<\/div>\n\t\t<\/div>\n\t\t\t\t\t\t<\/div>\n\t\t\t\t<\/div>\n\t\t\t\t<div class=\"elementor-element elementor-element-aebba8e elementor-shape-rounded elementor-grid-0 e-grid-align-center elementor-widget elementor-widget-social-icons\" data-id=\"aebba8e\" data-element_type=\"widget\" data-e-type=\"widget\" data-widget_type=\"social-icons.default\">\n\t\t\t\t<div class=\"elementor-widget-container\">\n\t\t\t\t\t\t\t<div class=\"elementor-social-icons-wrapper elementor-grid\">\n\t\t\t\t\t\t\t<span class=\"elementor-grid-item\">\n\t\t\t\t\t<a class=\"elementor-icon elementor-social-icon elementor-social-icon-youtube elementor-repeater-item-3e90942\" href=\"https:\/\/youtu.be\/-MA2YWhrAn8%20\" target=\"_blank\">\n\t\t\t\t\t\t<span class=\"elementor-screen-only\">Youtube<\/span>\n\t\t\t\t\t\t<i aria-hidden=\"true\" class=\"fab fa-youtube\"><\/i>\t\t\t\t\t<\/a>\n\t\t\t\t<\/span>\n\t\t\t\t\t<\/div>\n\t\t\t\t\t\t<\/div>\n\t\t\t\t<\/div>\n\t\t\t\t\t<\/div>\n\t\t<\/div>\n\t\t\t\t\t<\/div>\n\t\t<\/section>\n\t\t\t\t<section class=\"elementor-section elementor-top-section elementor-element elementor-element-83c5060 elementor-section-boxed elementor-section-height-default elementor-section-height-default\" data-id=\"83c5060\" data-element_type=\"section\" data-e-type=\"section\">\n\t\t\t\t\t\t<div class=\"elementor-container elementor-column-gap-default\">\n\t\t\t\t\t<div class=\"elementor-column elementor-col-50 elementor-top-column elementor-element elementor-element-39e0ffc\" data-id=\"39e0ffc\" data-element_type=\"column\" data-e-type=\"column\">\n\t\t\t<div class=\"elementor-widget-wrap elementor-element-populated\">\n\t\t\t\t\t\t<div class=\"elementor-element elementor-element-784e372 elementor-widget elementor-widget-heading\" data-id=\"784e372\" data-element_type=\"widget\" data-e-type=\"widget\" data-widget_type=\"heading.default\">\n\t\t\t\t<div class=\"elementor-widget-container\">\n\t\t\t\t\t<h3 class=\"elementor-heading-title elementor-size-default\">Wann und Wo?<\/h3>\t\t\t\t<\/div>\n\t\t\t\t<\/div>\n\t\t\t\t<div class=\"elementor-element elementor-element-20cd04f elementor-widget elementor-widget-text-editor\" data-id=\"20cd04f\" data-element_type=\"widget\" data-e-type=\"widget\" data-widget_type=\"text-editor.default\">\n\t\t\t\t<div class=\"elementor-widget-container\">\n\t\t\t\t\t\t\t\t\tJeden Sonntag von 09:30 bis 12:00 Uhr im Glacis-Park am Hintereingang zum Ravelin II.\n\t\t\t\t\t\t\t\t<\/div>\n\t\t\t\t<\/div>\n\t\t\t\t\t<\/div>\n\t\t<\/div>\n\t\t\t\t<div class=\"elementor-column elementor-col-50 elementor-top-column elementor-element elementor-element-c2d64e2\" data-id=\"c2d64e2\" data-element_type=\"column\" data-e-type=\"column\">\n\t\t\t<div class=\"elementor-widget-wrap elementor-element-populated\">\n\t\t\t\t\t\t<div class=\"elementor-element elementor-element-4e6b242 elementor-widget elementor-widget-heading\" data-id=\"4e6b242\" data-element_type=\"widget\" data-e-type=\"widget\" data-widget_type=\"heading.default\">\n\t\t\t\t<div class=\"elementor-widget-container\">\n\t\t\t\t\t<h3 class=\"elementor-heading-title elementor-size-default\">Kontakt<\/h3>\t\t\t\t<\/div>\n\t\t\t\t<\/div>\n\t\t\t\t<div class=\"elementor-element elementor-element-a2e7c0f elementor-icon-list--layout-traditional elementor-list-item-link-full_width elementor-widget elementor-widget-icon-list\" data-id=\"a2e7c0f\" data-element_type=\"widget\" data-e-type=\"widget\" data-widget_type=\"icon-list.default\">\n\t\t\t\t<div class=\"elementor-widget-container\">\n\t\t\t\t\t\t\t<ul class=\"elementor-icon-list-items\">\n\t\t\t\t\t\t\t<li class=\"elementor-icon-list-item\">\n\t\t\t\t\t\t\t\t\t\t\t<span class=\"elementor-icon-list-icon\">\n\t\t\t\t\t\t\t<i aria-hidden=\"true\" class=\"far fa-user\"><\/i>\t\t\t\t\t\t<\/span>\n\t\t\t\t\t\t\t\t\t\t<span class=\"elementor-icon-list-text\">Jan Meyer-M\u00f6wius<\/span>\n\t\t\t\t\t\t\t\t\t<\/li>\n\t\t\t\t\t\t\t\t<li class=\"elementor-icon-list-item\">\n\t\t\t\t\t\t\t\t\t\t\t<a href=\"mailto:ronin_jan_meyer@gmx.de\">\n\n\t\t\t\t\t\t\t\t\t\t\t\t<span class=\"elementor-icon-list-icon\">\n\t\t\t\t\t\t\t<i aria-hidden=\"true\" class=\"far fa-envelope\"><\/i>\t\t\t\t\t\t<\/span>\n\t\t\t\t\t\t\t\t\t\t<span class=\"elementor-icon-list-text\"> freikampf(@)widukinds-waechter.de<\/span>\n\t\t\t\t\t\t\t\t\t\t\t<\/a>\n\t\t\t\t\t\t\t\t\t<\/li>\n\t\t\t\t\t\t<\/ul>\n\t\t\t\t\t\t<\/div>\n\t\t\t\t<\/div>\n\t\t\t\t\t<\/div>\n\t\t<\/div>\n\t\t\t\t\t<\/div>\n\t\t<\/section>\n\t\t\t\t<\/div>\n\t\t","protected":false},"excerpt":{"rendered":"<p>Was stellen wir dar? In unserer Schaukampfgruppe stellen wir haupts\u00e4chlich Ereignisse aus dem Mittelalter dar, die den Zeitraum von 768 bis 1525 n. Chr. umfassen. Dabei konzentrieren wir uns vornehmlich &#8211; aber nicht ausschlie\u00dflich &#8211; auf Ereignisse aus der Region Magdeburg, wie zum Beispiel die Auseinandersetzung zwischen dem Magdeburger Erzstift mit den Raubrittern von Quitzow [&hellip;]<\/p>\n","protected":false},"author":11,"featured_media":0,"parent":0,"menu_order":0,"comment_status":"closed","ping_status":"closed","template":"","meta":{"footnotes":""},"class_list":["post-1522","page","type-page","status-publish","hentry"],"_links":{"self":[{"href":"https:\/\/widukinds-waechter.de\/index.php?rest_route=\/wp\/v2\/pages\/1522","targetHints":{"allow":["GET"]}}],"collection":[{"href":"https:\/\/widukinds-waechter.de\/index.php?rest_route=\/wp\/v2\/pages"}],"about":[{"href":"https:\/\/widukinds-waechter.de\/index.php?rest_route=\/wp\/v2\/types\/page"}],"author":[{"embeddable":true,"href":"https:\/\/widukinds-waechter.de\/index.php?rest_route=\/wp\/v2\/users\/11"}],"replies":[{"embeddable":true,"href":"https:\/\/widukinds-waechter.de\/index.php?rest_route=%2Fwp%2Fv2%2Fcomments&post=1522"}],"version-history":[{"count":104,"href":"https:\/\/widukinds-waechter.de\/index.php?rest_route=\/wp\/v2\/pages\/1522\/revisions"}],"predecessor-version":[{"id":1903,"href":"https:\/\/widukinds-waechter.de\/index.php?rest_route=\/wp\/v2\/pages\/1522\/revisions\/1903"}],"wp:attachment":[{"href":"https:\/\/widukinds-waechter.de\/index.php?rest_route=%2Fwp%2Fv2%2Fmedia&parent=1522"}],"curies":[{"name":"wp","href":"https:\/\/api.w.org\/{rel}","templated":true}]}}