{"id":287,"date":"2021-01-06T20:29:13","date_gmt":"2021-01-06T19:29:13","guid":{"rendered":"http:\/\/wp.widukinds-waechter.de\/?page_id=287"},"modified":"2023-04-24T10:58:16","modified_gmt":"2023-04-24T08:58:16","slug":"lebendiges-mittelalter","status":"publish","type":"page","link":"https:\/\/widukinds-waechter.de\/?page_id=287","title":{"rendered":"Lebendiges Mittelalter"},"content":{"rendered":"\t\t<div data-elementor-type=\"wp-page\" data-elementor-id=\"287\" class=\"elementor elementor-287\">\n\t\t\t\t\t\t<section class=\"elementor-section elementor-top-section elementor-element elementor-element-5adf500a elementor-section-boxed elementor-section-height-default elementor-section-height-default\" data-id=\"5adf500a\" data-element_type=\"section\" data-e-type=\"section\">\n\t\t\t\t\t\t<div class=\"elementor-container elementor-column-gap-default\">\n\t\t\t\t\t<div class=\"elementor-column elementor-col-100 elementor-top-column elementor-element elementor-element-6b27eabc\" data-id=\"6b27eabc\" data-element_type=\"column\" data-e-type=\"column\">\n\t\t\t<div class=\"elementor-widget-wrap\">\n\t\t\t\t\t\t\t<\/div>\n\t\t<\/div>\n\t\t\t\t\t<\/div>\n\t\t<\/section>\n\t\t\t\t<section class=\"elementor-section elementor-top-section elementor-element elementor-element-f82e5b5 elementor-section-boxed elementor-section-height-default elementor-section-height-default\" data-id=\"f82e5b5\" data-element_type=\"section\" data-e-type=\"section\">\n\t\t\t\t\t\t<div class=\"elementor-container elementor-column-gap-default\">\n\t\t\t\t\t<div class=\"elementor-column elementor-col-100 elementor-top-column elementor-element elementor-element-e22e9a7\" data-id=\"e22e9a7\" data-element_type=\"column\" data-e-type=\"column\">\n\t\t\t<div class=\"elementor-widget-wrap elementor-element-populated\">\n\t\t\t\t\t\t<section class=\"elementor-section elementor-inner-section elementor-element elementor-element-4900dca elementor-section-boxed elementor-section-height-default elementor-section-height-default\" data-id=\"4900dca\" data-element_type=\"section\" data-e-type=\"section\">\n\t\t\t\t\t\t<div class=\"elementor-container elementor-column-gap-default\">\n\t\t\t\t\t<div class=\"elementor-column elementor-col-50 elementor-inner-column elementor-element elementor-element-9e72326\" data-id=\"9e72326\" data-element_type=\"column\" data-e-type=\"column\">\n\t\t\t<div class=\"elementor-widget-wrap elementor-element-populated\">\n\t\t\t\t\t\t<div class=\"elementor-element elementor-element-7ea8e36 elementor-widget elementor-widget-heading\" data-id=\"7ea8e36\" data-element_type=\"widget\" data-e-type=\"widget\" data-widget_type=\"heading.default\">\n\t\t\t\t<div class=\"elementor-widget-container\">\n\t\t\t\t\t<h2 class=\"elementor-heading-title elementor-size-default\">Lagerleben im 9.\/10.Jhd<\/h2>\t\t\t\t<\/div>\n\t\t\t\t<\/div>\n\t\t\t\t<div class=\"elementor-element elementor-element-b40ab7b elementor-widget elementor-widget-text-editor\" data-id=\"b40ab7b\" data-element_type=\"widget\" data-e-type=\"widget\" data-widget_type=\"text-editor.default\">\n\t\t\t\t<div class=\"elementor-widget-container\">\n\t\t\t\t\t\t\t\t\t<blockquote>Schlafen, Kochen, Wohnen wie im fr\u00fchen Mittelalter. Die Besucher k\u00f6nnen uns bei den allt\u00e4glichen Verrichtungen \u00fcber die Schulter schauen und uns mit ihren Fragen l\u00f6chern. Im Lager werden spontan immer wieder allt\u00e4gliche Handarbeiten gezeigt &#8211; Spinnen, N\u00e4hen, und andere Textilkunst, einfache Schnitzarbeiten, Messerschliff, u.a. Im Lager pr\u00e4sentieren wir Waffen und R\u00fcstzeug verschiedener Jahrhunderte, die die Besucher anfassen und teilweise unter Aufsicht anprobieren k\u00f6nnen.<br>\n&#8211; ein bis drei Zelte, eine Kochstelle: Grundfl\u00e4che von mindestens<br>\n8 x 5 Meter, besser mehr.<br>\n&#8211; bei Beton- oder Teerboden und anderen geschlossenen B\u00f6den ist eine gesonderte Absprache und ggf. eine Besichtigung des Gel\u00e4ndes notwendig.<br>\n&#8211; der Veranstalter stellt einen Stromanschluss und einen Zugang zu<br>\nTrinkwasser, nach Absprache auch Feuerholz und Stroh.<\/blockquote>\t\t\t\t\t\t\t\t<\/div>\n\t\t\t\t<\/div>\n\t\t\t\t\t<\/div>\n\t\t<\/div>\n\t\t\t\t<div class=\"elementor-column elementor-col-50 elementor-inner-column elementor-element elementor-element-d019660\" data-id=\"d019660\" data-element_type=\"column\" data-e-type=\"column\">\n\t\t\t<div class=\"elementor-widget-wrap elementor-element-populated\">\n\t\t\t\t\t\t<div class=\"elementor-element elementor-element-174304b elementor-widget elementor-widget-image\" data-id=\"174304b\" data-element_type=\"widget\" data-e-type=\"widget\" data-widget_type=\"image.default\">\n\t\t\t\t<div class=\"elementor-widget-container\">\n\t\t\t\t\t\t\t\t\t\t\t\t<figure class=\"wp-caption\">\n\t\t\t\t\t\t\t\t\t\t<img fetchpriority=\"high\" decoding=\"async\" width=\"500\" height=\"375\" src=\"https:\/\/widukinds-waechter.de\/wp-content\/uploads\/2021\/01\/6851957005_d0b244edbd.jpg\" class=\"attachment-large size-large wp-image-1019\" alt=\"\" srcset=\"https:\/\/widukinds-waechter.de\/wp-content\/uploads\/2021\/01\/6851957005_d0b244edbd.jpg 500w, https:\/\/widukinds-waechter.de\/wp-content\/uploads\/2021\/01\/6851957005_d0b244edbd-300x225.jpg 300w\" sizes=\"(max-width: 500px) 100vw, 500px\" \/>\t\t\t\t\t\t\t\t\t\t\t<figcaption class=\"widget-image-caption wp-caption-text\">Spectaculum Magdeburgense 2011<\/figcaption>\n\t\t\t\t\t\t\t\t\t\t<\/figure>\n\t\t\t\t\t\t\t\t\t<\/div>\n\t\t\t\t<\/div>\n\t\t\t\t\t<\/div>\n\t\t<\/div>\n\t\t\t\t\t<\/div>\n\t\t<\/section>\n\t\t\t\t<section class=\"elementor-section elementor-inner-section elementor-element elementor-element-196bd91 elementor-section-boxed elementor-section-height-default elementor-section-height-default\" data-id=\"196bd91\" data-element_type=\"section\" data-e-type=\"section\">\n\t\t\t\t\t\t<div class=\"elementor-container elementor-column-gap-default\">\n\t\t\t\t\t<div class=\"elementor-column elementor-col-50 elementor-inner-column elementor-element elementor-element-8b1abd7\" data-id=\"8b1abd7\" data-element_type=\"column\" data-e-type=\"column\">\n\t\t\t<div class=\"elementor-widget-wrap elementor-element-populated\">\n\t\t\t\t\t\t<div class=\"elementor-element elementor-element-8fefea7 elementor-widget elementor-widget-heading\" data-id=\"8fefea7\" data-element_type=\"widget\" data-e-type=\"widget\" data-widget_type=\"heading.default\">\n\t\t\t\t<div class=\"elementor-widget-container\">\n\t\t\t\t\t<h2 class=\"elementor-heading-title elementor-size-default\">Schaukampf<\/h2>\t\t\t\t<\/div>\n\t\t\t\t<\/div>\n\t\t\t\t<div class=\"elementor-element elementor-element-2e43eff elementor-widget elementor-widget-text-editor\" data-id=\"2e43eff\" data-element_type=\"widget\" data-e-type=\"widget\" data-widget_type=\"text-editor.default\">\n\t\t\t\t<div class=\"elementor-widget-container\">\n\t\t\t\t\t\t\t\t\tEine etwa 30-min\u00fctige Show bringt den Besuchern die Fechtkunst des Mittelalters n\u00e4her. Alternativ ist auch ein \u00f6ffentliches Training\nunserer historischen Schwertk\u00e4mpfer m\u00f6glich, die die Fechtkunst des 14. Jahrhundert mit dem langen Schwert nach Liechtenauer rekonstruieren. F\u00fcr die Darbietung muss eine Freifl\u00e4che von mindestens 5&#215;5 Metern bereitgestellt werden.\t\t\t\t\t\t\t\t<\/div>\n\t\t\t\t<\/div>\n\t\t\t\t\t<\/div>\n\t\t<\/div>\n\t\t\t\t<div class=\"elementor-column elementor-col-50 elementor-inner-column elementor-element elementor-element-613857e\" data-id=\"613857e\" data-element_type=\"column\" data-e-type=\"column\">\n\t\t\t<div class=\"elementor-widget-wrap elementor-element-populated\">\n\t\t\t\t\t\t<div class=\"elementor-element elementor-element-7ec7818 elementor-arrows-position-inside elementor-pagination-position-outside elementor-widget elementor-widget-image-carousel\" data-id=\"7ec7818\" data-element_type=\"widget\" data-e-type=\"widget\" data-settings=\"{&quot;slides_to_show&quot;:&quot;1&quot;,&quot;autoplay_speed&quot;:3000,&quot;navigation&quot;:&quot;both&quot;,&quot;autoplay&quot;:&quot;yes&quot;,&quot;pause_on_hover&quot;:&quot;yes&quot;,&quot;pause_on_interaction&quot;:&quot;yes&quot;,&quot;infinite&quot;:&quot;yes&quot;,&quot;effect&quot;:&quot;slide&quot;,&quot;speed&quot;:500}\" data-widget_type=\"image-carousel.default\">\n\t\t\t\t<div class=\"elementor-widget-container\">\n\t\t\t\t\t\t\t<div class=\"elementor-image-carousel-wrapper swiper\" role=\"region\" aria-roledescription=\"carousel\" aria-label=\"Bild Karussell\" dir=\"ltr\">\n\t\t\t<div class=\"elementor-image-carousel swiper-wrapper\" aria-live=\"off\">\n\t\t\t\t\t\t\t\t<div class=\"swiper-slide\" role=\"group\" aria-roledescription=\"slide\" aria-label=\"1 von 12\"><figure class=\"swiper-slide-inner\"><img decoding=\"async\" class=\"swiper-slide-image\" src=\"https:\/\/widukinds-waechter.de\/wp-content\/uploads\/2021\/01\/MG_6991b-1-300x200.jpg\" alt=\"_MG_6991b\" \/><\/figure><\/div><div class=\"swiper-slide\" role=\"group\" aria-roledescription=\"slide\" aria-label=\"2 von 12\"><figure class=\"swiper-slide-inner\"><img decoding=\"async\" class=\"swiper-slide-image\" src=\"https:\/\/widukinds-waechter.de\/wp-content\/uploads\/2021\/01\/MG_6987b-287x300.jpg\" alt=\"_MG_6987b\" \/><\/figure><\/div><div class=\"swiper-slide\" role=\"group\" aria-roledescription=\"slide\" aria-label=\"3 von 12\"><figure class=\"swiper-slide-inner\"><img decoding=\"async\" class=\"swiper-slide-image\" src=\"https:\/\/widukinds-waechter.de\/wp-content\/uploads\/2021\/01\/MG_6997b-200x300.jpg\" alt=\"_MG_6997b\" \/><\/figure><\/div><div class=\"swiper-slide\" role=\"group\" aria-roledescription=\"slide\" aria-label=\"4 von 12\"><figure class=\"swiper-slide-inner\"><img decoding=\"async\" class=\"swiper-slide-image\" src=\"https:\/\/widukinds-waechter.de\/wp-content\/uploads\/2021\/01\/MG_6984b-300x200.jpg\" alt=\"_MG_6984b\" \/><\/figure><\/div><div class=\"swiper-slide\" role=\"group\" aria-roledescription=\"slide\" aria-label=\"5 von 12\"><figure class=\"swiper-slide-inner\"><img decoding=\"async\" class=\"swiper-slide-image\" src=\"https:\/\/widukinds-waechter.de\/wp-content\/uploads\/2021\/01\/MG_6981b-1-300x257.jpg\" alt=\"_MG_6981b\" \/><\/figure><\/div><div class=\"swiper-slide\" role=\"group\" aria-roledescription=\"slide\" aria-label=\"6 von 12\"><figure class=\"swiper-slide-inner\"><img decoding=\"async\" class=\"swiper-slide-image\" src=\"https:\/\/widukinds-waechter.de\/wp-content\/uploads\/2021\/01\/MG_7016b-300x200.jpg\" alt=\"_MG_7016b\" \/><\/figure><\/div><div class=\"swiper-slide\" role=\"group\" aria-roledescription=\"slide\" aria-label=\"7 von 12\"><figure class=\"swiper-slide-inner\"><img decoding=\"async\" class=\"swiper-slide-image\" src=\"https:\/\/widukinds-waechter.de\/wp-content\/uploads\/2021\/01\/MG_7012b-300x200.jpg\" alt=\"_MG_7012b\" \/><\/figure><\/div><div class=\"swiper-slide\" role=\"group\" aria-roledescription=\"slide\" aria-label=\"8 von 12\"><figure class=\"swiper-slide-inner\"><img decoding=\"async\" class=\"swiper-slide-image\" src=\"https:\/\/widukinds-waechter.de\/wp-content\/uploads\/2021\/01\/MG_6996b-300x200.jpg\" alt=\"_MG_6996b\" \/><\/figure><\/div><div class=\"swiper-slide\" role=\"group\" aria-roledescription=\"slide\" aria-label=\"9 von 12\"><figure class=\"swiper-slide-inner\"><img decoding=\"async\" class=\"swiper-slide-image\" src=\"https:\/\/widukinds-waechter.de\/wp-content\/uploads\/2021\/01\/MG_6994b-300x129.jpg\" alt=\"_MG_6994b\" \/><\/figure><\/div><div class=\"swiper-slide\" role=\"group\" aria-roledescription=\"slide\" aria-label=\"10 von 12\"><figure class=\"swiper-slide-inner\"><img decoding=\"async\" class=\"swiper-slide-image\" src=\"https:\/\/widukinds-waechter.de\/wp-content\/uploads\/2021\/01\/MG_6993b-300x262.jpg\" alt=\"_MG_6993b\" \/><\/figure><\/div><div class=\"swiper-slide\" role=\"group\" aria-roledescription=\"slide\" aria-label=\"11 von 12\"><figure class=\"swiper-slide-inner\"><img decoding=\"async\" class=\"swiper-slide-image\" src=\"https:\/\/widukinds-waechter.de\/wp-content\/uploads\/2021\/01\/MG_6990b-300x196.jpg\" alt=\"_MG_6990b\" \/><\/figure><\/div><div class=\"swiper-slide\" role=\"group\" aria-roledescription=\"slide\" aria-label=\"12 von 12\"><figure class=\"swiper-slide-inner\"><img decoding=\"async\" class=\"swiper-slide-image\" src=\"https:\/\/widukinds-waechter.de\/wp-content\/uploads\/2021\/01\/MG_6986b-255x300.jpg\" alt=\"_MG_6986b\" \/><\/figure><\/div>\t\t\t<\/div>\n\t\t\t\t\t\t\t\t\t\t\t\t<div class=\"elementor-swiper-button elementor-swiper-button-prev\" role=\"button\" tabindex=\"0\">\n\t\t\t\t\t\t<i aria-hidden=\"true\" class=\"eicon-chevron-left\"><\/i>\t\t\t\t\t<\/div>\n\t\t\t\t\t<div class=\"elementor-swiper-button elementor-swiper-button-next\" role=\"button\" tabindex=\"0\">\n\t\t\t\t\t\t<i aria-hidden=\"true\" class=\"eicon-chevron-right\"><\/i>\t\t\t\t\t<\/div>\n\t\t\t\t\n\t\t\t\t\t\t\t\t\t<div class=\"swiper-pagination\"><\/div>\n\t\t\t\t\t\t\t\t\t<\/div>\n\t\t\t\t\t\t<\/div>\n\t\t\t\t<\/div>\n\t\t\t\t\t<\/div>\n\t\t<\/div>\n\t\t\t\t\t<\/div>\n\t\t<\/section>\n\t\t\t\t<section class=\"elementor-section elementor-inner-section elementor-element elementor-element-3c0b3be elementor-section-boxed elementor-section-height-default elementor-section-height-default\" data-id=\"3c0b3be\" data-element_type=\"section\" data-e-type=\"section\">\n\t\t\t\t\t\t<div class=\"elementor-container elementor-column-gap-default\">\n\t\t\t\t\t<div class=\"elementor-column elementor-col-50 elementor-inner-column elementor-element elementor-element-e111f0d\" data-id=\"e111f0d\" data-element_type=\"column\" data-e-type=\"column\">\n\t\t\t<div class=\"elementor-widget-wrap elementor-element-populated\">\n\t\t\t\t\t\t<div class=\"elementor-element elementor-element-80b5bcb elementor-widget elementor-widget-image\" data-id=\"80b5bcb\" data-element_type=\"widget\" data-e-type=\"widget\" data-widget_type=\"image.default\">\n\t\t\t\t<div class=\"elementor-widget-container\">\n\t\t\t\t\t\t\t\t\t\t\t\t\t\t\t<img decoding=\"async\" width=\"500\" height=\"375\" src=\"https:\/\/widukinds-waechter.de\/wp-content\/uploads\/2021\/01\/6852086517_05776d1008.jpg\" class=\"attachment-large size-large wp-image-1020\" alt=\"\" srcset=\"https:\/\/widukinds-waechter.de\/wp-content\/uploads\/2021\/01\/6852086517_05776d1008.jpg 500w, https:\/\/widukinds-waechter.de\/wp-content\/uploads\/2021\/01\/6852086517_05776d1008-300x225.jpg 300w\" sizes=\"(max-width: 500px) 100vw, 500px\" \/>\t\t\t\t\t\t\t\t\t\t\t\t\t\t\t<\/div>\n\t\t\t\t<\/div>\n\t\t\t\t\t<\/div>\n\t\t<\/div>\n\t\t\t\t<div class=\"elementor-column elementor-col-50 elementor-inner-column elementor-element elementor-element-3919cbc\" data-id=\"3919cbc\" data-element_type=\"column\" data-e-type=\"column\">\n\t\t\t<div class=\"elementor-widget-wrap elementor-element-populated\">\n\t\t\t\t\t\t<div class=\"elementor-element elementor-element-b6ee02e elementor-widget elementor-widget-heading\" data-id=\"b6ee02e\" data-element_type=\"widget\" data-e-type=\"widget\" data-widget_type=\"heading.default\">\n\t\t\t\t<div class=\"elementor-widget-container\">\n\t\t\t\t\t<h2 class=\"elementor-heading-title elementor-size-default\">Bogenschie\u00dfen<\/h2>\t\t\t\t<\/div>\n\t\t\t\t<\/div>\n\t\t\t\t<div class=\"elementor-element elementor-element-5bfada0 elementor-widget elementor-widget-text-editor\" data-id=\"5bfada0\" data-element_type=\"widget\" data-e-type=\"widget\" data-widget_type=\"text-editor.default\">\n\t\t\t\t<div class=\"elementor-widget-container\">\n\t\t\t\t\t\t\t\t\t<blockquote>Mit verschiedenen Lang- und Recurveb\u00f6gen, sowie Kinderb\u00f6gen k\u00f6nnen sich die Besucher unter freundlicher und fachkundiger Anleitung im Bogenschie\u00dfen versuchen. Wir legen Wert darauf, uns genug Zeit f\u00fcr jeden unserer Kunden zu nehmen, um ihm den Umgang mit dem Bogen n\u00e4her zu bringen.<br>\n&#8211; bis zu 2 Bogenbahnen m\u00f6glich, je Bogenbahn eine Fl\u00e4che von 5 x 9 Metern n\u00f6tig. Hinter der Schussbahn sollte eine Wand oder ein gr\u00f6\u00dferer abgesperrter Bereich liegen, da trotz des Pfeilfangnetzes am Bahnende eine Gefahr f\u00fcr Passanten bestehen kann.<br>\n&#8211; bei schlechtem Wetter z.B. starker Regen, gro\u00dfe K\u00e4lte o.\u00e4. wird die Bogenbahn zum Schutz des Materials geschlossen.\n<\/blockquote>\t\t\t\t\t\t\t\t<\/div>\n\t\t\t\t<\/div>\n\t\t\t\t\t<\/div>\n\t\t<\/div>\n\t\t\t\t\t<\/div>\n\t\t<\/section>\n\t\t\t\t<section class=\"elementor-section elementor-inner-section elementor-element elementor-element-3ac43d3 elementor-section-boxed elementor-section-height-default elementor-section-height-default\" data-id=\"3ac43d3\" data-element_type=\"section\" data-e-type=\"section\">\n\t\t\t\t\t\t<div class=\"elementor-container elementor-column-gap-default\">\n\t\t\t\t\t<div class=\"elementor-column elementor-col-50 elementor-inner-column elementor-element elementor-element-8382612\" data-id=\"8382612\" data-element_type=\"column\" data-e-type=\"column\">\n\t\t\t<div class=\"elementor-widget-wrap elementor-element-populated\">\n\t\t\t\t\t\t<div class=\"elementor-element elementor-element-af7adc9 elementor-widget elementor-widget-heading\" data-id=\"af7adc9\" data-element_type=\"widget\" data-e-type=\"widget\" data-widget_type=\"heading.default\">\n\t\t\t\t<div class=\"elementor-widget-container\">\n\t\t\t\t\t<h2 class=\"elementor-heading-title elementor-size-default\">Axtwerfen<\/h2>\t\t\t\t<\/div>\n\t\t\t\t<\/div>\n\t\t\t\t<div class=\"elementor-element elementor-element-b63f9a5 elementor-widget elementor-widget-text-editor\" data-id=\"b63f9a5\" data-element_type=\"widget\" data-e-type=\"widget\" data-widget_type=\"text-editor.default\">\n\t\t\t\t<div class=\"elementor-widget-container\">\n\t\t\t\t\t\t\t\t\t<blockquote>Die Besucher k\u00f6nnen sich im Axtwerfen auf eine Holzwand versuchen. Auch hier legen wir Wert darauf, uns f\u00fcr die Kunden viel Zeit zu nehmen.<br>\n&#8211; Fl\u00e4che von 5 x 6 Meter n\u00f6tig; trotz Fangkonstruktion muss dahinter ebenfalls eine Wand oder ein abgesperrter Bereich liegen, um Passanten nicht zu gef\u00e4hrden.<\/blockquote>\t\t\t\t\t\t\t\t<\/div>\n\t\t\t\t<\/div>\n\t\t\t\t\t<\/div>\n\t\t<\/div>\n\t\t\t\t<div class=\"elementor-column elementor-col-50 elementor-inner-column elementor-element elementor-element-61dafbb\" data-id=\"61dafbb\" data-element_type=\"column\" data-e-type=\"column\">\n\t\t\t<div class=\"elementor-widget-wrap elementor-element-populated\">\n\t\t\t\t\t\t<div class=\"elementor-element elementor-element-a052144 elementor-widget elementor-widget-image\" data-id=\"a052144\" data-element_type=\"widget\" data-e-type=\"widget\" data-widget_type=\"image.default\">\n\t\t\t\t<div class=\"elementor-widget-container\">\n\t\t\t\t\t\t\t\t\t\t\t\t\t\t\t<img decoding=\"async\" width=\"500\" height=\"375\" src=\"https:\/\/widukinds-waechter.de\/wp-content\/uploads\/2021\/01\/4649754524_69de2e7b24.jpg\" class=\"attachment-large size-large wp-image-1021\" alt=\"\" srcset=\"https:\/\/widukinds-waechter.de\/wp-content\/uploads\/2021\/01\/4649754524_69de2e7b24.jpg 500w, https:\/\/widukinds-waechter.de\/wp-content\/uploads\/2021\/01\/4649754524_69de2e7b24-300x225.jpg 300w\" sizes=\"(max-width: 500px) 100vw, 500px\" \/>\t\t\t\t\t\t\t\t\t\t\t\t\t\t\t<\/div>\n\t\t\t\t<\/div>\n\t\t\t\t\t<\/div>\n\t\t<\/div>\n\t\t\t\t\t<\/div>\n\t\t<\/section>\n\t\t\t\t<div class=\"elementor-element elementor-element-b63ca4a elementor-widget elementor-widget-heading\" data-id=\"b63ca4a\" data-element_type=\"widget\" data-e-type=\"widget\" data-widget_type=\"heading.default\">\n\t\t\t\t<div class=\"elementor-widget-container\">\n\t\t\t\t\t<h2 class=\"elementor-heading-title elementor-size-default\">Bemerkungen<\/h2>\t\t\t\t<\/div>\n\t\t\t\t<\/div>\n\t\t\t\t<div class=\"elementor-element elementor-element-d2cf634 elementor-widget elementor-widget-text-editor\" data-id=\"d2cf634\" data-element_type=\"widget\" data-e-type=\"widget\" data-widget_type=\"text-editor.default\">\n\t\t\t\t<div class=\"elementor-widget-container\">\n\t\t\t\t\t\t\t\t\tAufgrund unser personellen Ressourcen sollten die zu buchenden Angebote vorher mit uns abgesprochen werden. Au\u00dferdem k\u00f6nnen wir meist nur an Wochenenden t\u00e4tig sein. Wollen Sie uns f\u00fcr ein Angebot unter der Woche buchen, ist eine gesonderte Absprache und eine l\u00e4ngerfristige Planung des Termins n\u00f6tig. Alle Angebote k\u00f6nnen nur in Verbindung mit wenigstens einem kleinen Lager gebucht werden, Ausnahmen sind k\u00fcrzere Veranstaltungen in Magdeburg und n\u00e4herem Umkreis. Unsere Preise richten sich nach der Entfernung zum Veranstaltungsort und den zu erwartenden Einnahmen. Preise auf Anfrage.\t\t\t\t\t\t\t\t<\/div>\n\t\t\t\t<\/div>\n\t\t\t\t<section class=\"elementor-section elementor-inner-section elementor-element elementor-element-f4931c5 elementor-section-boxed elementor-section-height-default elementor-section-height-default\" data-id=\"f4931c5\" data-element_type=\"section\" data-e-type=\"section\">\n\t\t\t\t\t\t<div class=\"elementor-container elementor-column-gap-default\">\n\t\t\t\t\t<div class=\"elementor-column elementor-col-50 elementor-inner-column elementor-element elementor-element-28f2b9a\" data-id=\"28f2b9a\" data-element_type=\"column\" data-e-type=\"column\">\n\t\t\t<div class=\"elementor-widget-wrap elementor-element-populated\">\n\t\t\t\t\t\t<div class=\"elementor-element elementor-element-c63c90c elementor-widget elementor-widget-heading\" data-id=\"c63c90c\" data-element_type=\"widget\" data-e-type=\"widget\" data-widget_type=\"heading.default\">\n\t\t\t\t<div class=\"elementor-widget-container\">\n\t\t\t\t\t<h2 class=\"elementor-heading-title elementor-size-default\">Kontakt<\/h2>\t\t\t\t<\/div>\n\t\t\t\t<\/div>\n\t\t\t\t\t<\/div>\n\t\t<\/div>\n\t\t\t\t<div class=\"elementor-column elementor-col-50 elementor-inner-column elementor-element elementor-element-8defa6a\" data-id=\"8defa6a\" data-element_type=\"column\" data-e-type=\"column\">\n\t\t\t<div class=\"elementor-widget-wrap elementor-element-populated\">\n\t\t\t\t\t\t<div class=\"elementor-element elementor-element-347cdef elementor-widget elementor-widget-text-editor\" data-id=\"347cdef\" data-element_type=\"widget\" data-e-type=\"widget\" data-widget_type=\"text-editor.default\">\n\t\t\t\t<div class=\"elementor-widget-container\">\n\t\t\t\t\t\t\t\t\t<p>Rebekka D\u00fcsedau<br>info(@)widukinds-waechter.de<br><\/p>\t\t\t\t\t\t\t\t<\/div>\n\t\t\t\t<\/div>\n\t\t\t\t\t<\/div>\n\t\t<\/div>\n\t\t\t\t\t<\/div>\n\t\t<\/section>\n\t\t\t\t\t<\/div>\n\t\t<\/div>\n\t\t\t\t\t<\/div>\n\t\t<\/section>\n\t\t\t\t<\/div>\n\t\t","protected":false},"excerpt":{"rendered":"<p>Lagerleben im 9.\/10.Jhd Schlafen, Kochen, Wohnen wie im fr\u00fchen Mittelalter. Die Besucher k\u00f6nnen uns bei den allt\u00e4glichen Verrichtungen \u00fcber die Schulter schauen und uns mit ihren Fragen l\u00f6chern. Im Lager werden spontan immer wieder allt\u00e4gliche Handarbeiten gezeigt &#8211; Spinnen, N\u00e4hen, und andere Textilkunst, einfache Schnitzarbeiten, Messerschliff, u.a. Im Lager pr\u00e4sentieren wir Waffen und R\u00fcstzeug verschiedener [&hellip;]<\/p>\n","protected":false},"author":1,"featured_media":0,"parent":0,"menu_order":0,"comment_status":"closed","ping_status":"closed","template":"","meta":{"footnotes":""},"class_list":["post-287","page","type-page","status-publish","hentry"],"_links":{"self":[{"href":"https:\/\/widukinds-waechter.de\/index.php?rest_route=\/wp\/v2\/pages\/287","targetHints":{"allow":["GET"]}}],"collection":[{"href":"https:\/\/widukinds-waechter.de\/index.php?rest_route=\/wp\/v2\/pages"}],"about":[{"href":"https:\/\/widukinds-waechter.de\/index.php?rest_route=\/wp\/v2\/types\/page"}],"author":[{"embeddable":true,"href":"https:\/\/widukinds-waechter.de\/index.php?rest_route=\/wp\/v2\/users\/1"}],"replies":[{"embeddable":true,"href":"https:\/\/widukinds-waechter.de\/index.php?rest_route=%2Fwp%2Fv2%2Fcomments&post=287"}],"version-history":[{"count":20,"href":"https:\/\/widukinds-waechter.de\/index.php?rest_route=\/wp\/v2\/pages\/287\/revisions"}],"predecessor-version":[{"id":2346,"href":"https:\/\/widukinds-waechter.de\/index.php?rest_route=\/wp\/v2\/pages\/287\/revisions\/2346"}],"wp:attachment":[{"href":"https:\/\/widukinds-waechter.de\/index.php?rest_route=%2Fwp%2Fv2%2Fmedia&parent=287"}],"curies":[{"name":"wp","href":"https:\/\/api.w.org\/{rel}","templated":true}]}}