{"id":417,"date":"2021-01-07T15:02:22","date_gmt":"2021-01-07T14:02:22","guid":{"rendered":"http:\/\/wp.widukinds-waechter.de\/?page_id=417"},"modified":"2026-02-11T21:04:01","modified_gmt":"2026-02-11T20:04:01","slug":"historisches-fechten","status":"publish","type":"page","link":"https:\/\/widukinds-waechter.de\/?page_id=417","title":{"rendered":"Historisches Fechten"},"content":{"rendered":"\t\t<div data-elementor-type=\"wp-page\" data-elementor-id=\"417\" class=\"elementor elementor-417\">\n\t\t\t\t\t\t<section class=\"elementor-section elementor-top-section elementor-element elementor-element-49a0e6a elementor-section-boxed elementor-section-height-default elementor-section-height-default\" data-id=\"49a0e6a\" data-element_type=\"section\" data-e-type=\"section\">\n\t\t\t\t\t\t<div class=\"elementor-container elementor-column-gap-default\">\n\t\t\t\t\t<div class=\"elementor-column elementor-col-100 elementor-top-column elementor-element elementor-element-d46d945\" data-id=\"d46d945\" data-element_type=\"column\" data-e-type=\"column\">\n\t\t\t<div class=\"elementor-widget-wrap elementor-element-populated\">\n\t\t\t\t\t\t<section class=\"elementor-section elementor-inner-section elementor-element elementor-element-ec9ca96 elementor-section-boxed elementor-section-height-default elementor-section-height-default\" data-id=\"ec9ca96\" data-element_type=\"section\" data-e-type=\"section\">\n\t\t\t\t\t\t<div class=\"elementor-container elementor-column-gap-default\">\n\t\t\t\t\t<div class=\"elementor-column elementor-col-50 elementor-inner-column elementor-element elementor-element-23a16a1\" data-id=\"23a16a1\" data-element_type=\"column\" data-e-type=\"column\">\n\t\t\t<div class=\"elementor-widget-wrap elementor-element-populated\">\n\t\t\t\t\t\t<div class=\"elementor-element elementor-element-4a31565 elementor-widget elementor-widget-text-editor\" data-id=\"4a31565\" data-element_type=\"widget\" data-e-type=\"widget\" data-widget_type=\"text-editor.default\">\n\t\t\t\t<div class=\"elementor-widget-container\">\n\t\t\t\t\t\t\t\t\t<blockquote style=\"text-align: left;\"><p>Historischer Schwertkampf bzw. Historisches Fechten ist eine noch nicht so weit verbreitete Freizeitbesch\u00e4ftigung, die jedoch immer mehr Begeisterte findet. Viele sind \u00fcberrascht, wenn sie erfahren, dass es historische Kampfstile bzw. Kampfk\u00fcnste gibt, die aus Europa stammen und k\u00f6rperlich und taktisch anspruchsvoll sind und asiatischen Kampfk\u00fcnsten in nichts nachstehen.<br \/><br \/><br \/>F\u00fcr Leser, die aus Interesse auf diese Seite gesto\u00dfen sind und bisher keinen Kontakt zum historischen Fechten hatten, empfehle ich hier zu schauen.<\/p><\/blockquote>\t\t\t\t\t\t\t\t<\/div>\n\t\t\t\t<\/div>\n\t\t\t\t<div class=\"elementor-element elementor-element-af29b39 elementor-align-center elementor-widget elementor-widget-button\" data-id=\"af29b39\" data-element_type=\"widget\" data-e-type=\"widget\" data-widget_type=\"button.default\">\n\t\t\t\t<div class=\"elementor-widget-container\">\n\t\t\t\t\t\t\t\t\t<div class=\"elementor-button-wrapper\">\n\t\t\t\t\t<a class=\"elementor-button elementor-button-link elementor-size-sm\" href=\"http:\/\/wp.widukinds-waechter.de\/historisches-fechten-begriff\/\">\n\t\t\t\t\t\t<span class=\"elementor-button-content-wrapper\">\n\t\t\t\t\t\t\t\t\t<span class=\"elementor-button-text\">Weiterlesen<\/span>\n\t\t\t\t\t<\/span>\n\t\t\t\t\t<\/a>\n\t\t\t\t<\/div>\n\t\t\t\t\t\t\t\t<\/div>\n\t\t\t\t<\/div>\n\t\t\t\t\t<\/div>\n\t\t<\/div>\n\t\t\t\t<div class=\"elementor-column elementor-col-50 elementor-inner-column elementor-element elementor-element-c322c8a\" data-id=\"c322c8a\" data-element_type=\"column\" data-e-type=\"column\">\n\t\t\t<div class=\"elementor-widget-wrap elementor-element-populated\">\n\t\t\t\t\t\t<div class=\"elementor-element elementor-element-5128916 elementor-widget elementor-widget-image\" data-id=\"5128916\" data-element_type=\"widget\" data-e-type=\"widget\" data-widget_type=\"image.default\">\n\t\t\t\t<div class=\"elementor-widget-container\">\n\t\t\t\t\t\t\t\t\t\t\t\t<figure class=\"wp-caption\">\n\t\t\t\t\t\t\t\t\t\t<img fetchpriority=\"high\" decoding=\"async\" width=\"1024\" height=\"1022\" src=\"https:\/\/widukinds-waechter.de\/wp-content\/uploads\/2023\/07\/Axel-1024x1022.jpg\" class=\"attachment-large size-large wp-image-2391\" alt=\"\" srcset=\"https:\/\/widukinds-waechter.de\/wp-content\/uploads\/2023\/07\/Axel-1024x1022.jpg 1024w, https:\/\/widukinds-waechter.de\/wp-content\/uploads\/2023\/07\/Axel-300x300.jpg 300w, https:\/\/widukinds-waechter.de\/wp-content\/uploads\/2023\/07\/Axel-150x150.jpg 150w, https:\/\/widukinds-waechter.de\/wp-content\/uploads\/2023\/07\/Axel-768x767.jpg 768w, https:\/\/widukinds-waechter.de\/wp-content\/uploads\/2023\/07\/Axel-1536x1533.jpg 1536w, https:\/\/widukinds-waechter.de\/wp-content\/uploads\/2023\/07\/Axel-2048x2044.jpg 2048w\" sizes=\"(max-width: 1024px) 100vw, 1024px\" \/>\t\t\t\t\t\t\t\t\t\t\t<figcaption class=\"widget-image-caption wp-caption-text\"><\/figcaption>\n\t\t\t\t\t\t\t\t\t\t<\/figure>\n\t\t\t\t\t\t\t\t\t<\/div>\n\t\t\t\t<\/div>\n\t\t\t\t\t<\/div>\n\t\t<\/div>\n\t\t\t\t\t<\/div>\n\t\t<\/section>\n\t\t\t\t<section class=\"elementor-section elementor-inner-section elementor-element elementor-element-e1b6b8f elementor-section-boxed elementor-section-height-default elementor-section-height-default\" data-id=\"e1b6b8f\" data-element_type=\"section\" data-e-type=\"section\">\n\t\t\t\t\t\t<div class=\"elementor-container elementor-column-gap-default\">\n\t\t\t\t\t<div class=\"elementor-column elementor-col-50 elementor-inner-column elementor-element elementor-element-2f3a963\" data-id=\"2f3a963\" data-element_type=\"column\" data-e-type=\"column\">\n\t\t\t<div class=\"elementor-widget-wrap elementor-element-populated\">\n\t\t\t\t\t\t<div class=\"elementor-element elementor-element-0352422 elementor-icon-list--layout-traditional elementor-list-item-link-full_width elementor-widget elementor-widget-icon-list\" data-id=\"0352422\" data-element_type=\"widget\" data-e-type=\"widget\" data-widget_type=\"icon-list.default\">\n\t\t\t\t<div class=\"elementor-widget-container\">\n\t\t\t\t\t\t\t<ul class=\"elementor-icon-list-items\">\n\t\t\t\t\t\t\t<li class=\"elementor-icon-list-item\">\n\t\t\t\t\t\t\t\t\t\t\t<span class=\"elementor-icon-list-icon\">\n\t\t\t\t\t\t\t<i aria-hidden=\"true\" class=\"fas fa-user-alt\"><\/i>\t\t\t\t\t\t<\/span>\n\t\t\t\t\t\t\t\t\t\t<span class=\"elementor-icon-list-text\">Axel Goldammer, Corinna K\u00f6nig<\/span>\n\t\t\t\t\t\t\t\t\t<\/li>\n\t\t\t\t\t\t\t\t<li class=\"elementor-icon-list-item\">\n\t\t\t\t\t\t\t\t\t\t\t<span class=\"elementor-icon-list-icon\">\n\t\t\t\t\t\t\t<i aria-hidden=\"true\" class=\"fas fa-envelope\"><\/i>\t\t\t\t\t\t<\/span>\n\t\t\t\t\t\t\t\t\t\t<span class=\"elementor-icon-list-text\">fechten[at]widukinds-waechter.de <\/span>\n\t\t\t\t\t\t\t\t\t<\/li>\n\t\t\t\t\t\t<\/ul>\n\t\t\t\t\t\t<\/div>\n\t\t\t\t<\/div>\n\t\t\t\t<div class=\"elementor-element elementor-element-caa1740 elementor-widget elementor-widget-heading\" data-id=\"caa1740\" data-element_type=\"widget\" data-e-type=\"widget\" data-widget_type=\"heading.default\">\n\t\t\t\t<div class=\"elementor-widget-container\">\n\t\t\t\t\t<h4 class=\"elementor-heading-title elementor-size-default\">Training<\/h4>\t\t\t\t<\/div>\n\t\t\t\t<\/div>\n\t\t\t\t<div class=\"elementor-element elementor-element-2967fe6 elementor-widget elementor-widget-text-editor\" data-id=\"2967fe6\" data-element_type=\"widget\" data-e-type=\"widget\" data-widget_type=\"text-editor.default\">\n\t\t\t\t<div class=\"elementor-widget-container\">\n\t\t\t\t\t\t\t\t\t<blockquote style=\"text-align: left;\">\n<ul>\n<li>F\u00fcr Anf\u00e4nger bieten wir immer mal wieder Einsteigerkurse an.&nbsp;<\/li><li>Fechter, die bereits Erfahrung mit Liechtenauer haben, k\u00f6nnen uns gerne nach vorheriger Kontaktaufnahme besuchen.<\/li>\n<li>Training in der Turnhalle der Oskar-Linke-Schule<\/li>\n<li><a class=\"urllink\" href=\"http:\/\/www.openstreetmap.org\/#map=17\/52.12959\/11.58155\" target=\"_blank\" rel=\"nofollow noopener\">Karte<\/a> (bei der \u201cDynamo\u201d-Schwimmhalle), Schmeilstr. 1, 39110 Magdeburg<\/li>\n<\/ul>\n<\/blockquote>\t\t\t\t\t\t\t\t<\/div>\n\t\t\t\t<\/div>\n\t\t\t\t\t<\/div>\n\t\t<\/div>\n\t\t\t\t<div class=\"elementor-column elementor-col-50 elementor-inner-column elementor-element elementor-element-3eb99fe\" data-id=\"3eb99fe\" data-element_type=\"column\" data-e-type=\"column\">\n\t\t\t<div class=\"elementor-widget-wrap elementor-element-populated\">\n\t\t\t\t\t\t<div class=\"elementor-element elementor-element-bd3cd39 elementor-widget elementor-widget-toggle\" data-id=\"bd3cd39\" data-element_type=\"widget\" data-e-type=\"widget\" data-widget_type=\"toggle.default\">\n\t\t\t\t<div class=\"elementor-widget-container\">\n\t\t\t\t\t\t\t<div class=\"elementor-toggle\">\n\t\t\t\t\t\t\t<div class=\"elementor-toggle-item\">\n\t\t\t\t\t<div id=\"elementor-tab-title-1981\" class=\"elementor-tab-title\" data-tab=\"1\" role=\"button\" aria-controls=\"elementor-tab-content-1981\" aria-expanded=\"false\">\n\t\t\t\t\t\t\t\t\t\t\t\t<span class=\"elementor-toggle-icon elementor-toggle-icon-left\" aria-hidden=\"true\">\n\t\t\t\t\t\t\t\t\t\t\t\t\t\t\t<span class=\"elementor-toggle-icon-closed\"><i class=\"fas fa-caret-right\"><\/i><\/span>\n\t\t\t\t\t\t\t\t<span class=\"elementor-toggle-icon-opened\"><i class=\"elementor-toggle-icon-opened fas fa-caret-up\"><\/i><\/span>\n\t\t\t\t\t\t\t\t\t\t\t\t\t<\/span>\n\t\t\t\t\t\t\t\t\t\t\t\t<a class=\"elementor-toggle-title\" tabindex=\"0\">Trainingsphilosophie<\/a>\n\t\t\t\t\t<\/div>\n\n\t\t\t\t\t<div id=\"elementor-tab-content-1981\" class=\"elementor-tab-content elementor-clearfix\" data-tab=\"1\" role=\"region\" aria-labelledby=\"elementor-tab-title-1981\"><blockquote><p>Zwar ist historisches Fechten bzw. historischer Schwertkampf eine k\u00f6rperliche Bet\u00e4tigung und damit auch ein Kampfsport. Jedoch schwingt oftmals damit auch ein Wettbewerbsgedanke mit. Beim modernden Sportfechten geht es darum, den Partner mit allen erdenklichen M\u00f6glichkeiten &#8211; die die Regeln zulassen &#8211; zu treffen.<br \/><br \/>Historischer Schwertkampf, so wie wir ihn trainieren, ist dann eher als Kampfkunst zu bezeichnen. Wir trainieren, um den Schwertkampf an sich zu erfassen und zu begreifen, soweit es f\u00fcr uns als Menschen des 21. Jahrhunderts m\u00f6glich ist. Es geht uns nicht vorrangig darum, uns mit anderen im Wettbewerb zu messen, sondern unsere eigenen F\u00e4higkeiten mit dem Schwert auszubauen.<br \/><br \/>Wenn wir die F\u00e4higkeiten und die Ausr\u00fcstung haben, werden wir auch Freik\u00e4mpfe durchf\u00fchren. Jedoch geht es bei diesen nicht ums Gewinnen.<br \/>Unser Trainings-Ziel ist es in der Lage zu sein, mit einem Partner frei zu k\u00e4mpfen (mit entsprechender Schutzausr\u00fcstung) und das technische und taktische Konzept von Liechtenauer umzusetzen.<br \/><br \/><br \/>Wer sich mit Texten zu Liechtenauer besch\u00e4ftigt hat, wird gelesen haben, dass sich seine Techniken (auch St\u00fccke genannt) sich an erfahrene Fechter richten.Was hat das f\u00fcr Auswirkungen auf das Training? Wir versuchen einen Spagat zwischen: Erlernen von Grundtechniken und das Umsetzen des Konzeptes von Liechtenauer.<\/p><\/blockquote><\/div>\n\t\t\t\t<\/div>\n\t\t\t\t\t\t\t<div class=\"elementor-toggle-item\">\n\t\t\t\t\t<div id=\"elementor-tab-title-1982\" class=\"elementor-tab-title\" data-tab=\"2\" role=\"button\" aria-controls=\"elementor-tab-content-1982\" aria-expanded=\"false\">\n\t\t\t\t\t\t\t\t\t\t\t\t<span class=\"elementor-toggle-icon elementor-toggle-icon-left\" aria-hidden=\"true\">\n\t\t\t\t\t\t\t\t\t\t\t\t\t\t\t<span class=\"elementor-toggle-icon-closed\"><i class=\"fas fa-caret-right\"><\/i><\/span>\n\t\t\t\t\t\t\t\t<span class=\"elementor-toggle-icon-opened\"><i class=\"elementor-toggle-icon-opened fas fa-caret-up\"><\/i><\/span>\n\t\t\t\t\t\t\t\t\t\t\t\t\t<\/span>\n\t\t\t\t\t\t\t\t\t\t\t\t<a class=\"elementor-toggle-title\" tabindex=\"0\">Wissenswertes und popul\u00e4re Irrt\u00fcmer<\/a>\n\t\t\t\t\t<\/div>\n\n\t\t\t\t\t<div id=\"elementor-tab-content-1982\" class=\"elementor-tab-content elementor-clearfix\" data-tab=\"2\" role=\"region\" aria-labelledby=\"elementor-tab-title-1982\"><blockquote><p>Irrtum:&#8220; Es ist nicht bekannt, wie im Mittelalter gek\u00e4mpft wurde.<br \/>&#8220;Richtig:&#8220; Es gibt f\u00fcr den europ\u00e4ischen Bereich Fechtb\u00fccher und andere Quellen. Das \u00c4lteste wurde um rund 1300 verfasst. \u00c4ltere Fechtb\u00fccher sind leider nicht bekannt.<br \/>&#8220;Irrtum:&#8220; Trotz der Quellen ist es nicht m\u00f6glich, nur aufgrund von B\u00fcchern die damaligen Techniken nachzuvollziehen.<br \/>&#8220;Richtig:&#8220; Verschiedene Personen und Gruppen haben sich jahrelang mit den Quellen auseinandergesetzt. Sie haben die Fechtsysteme rekonstruiert, in dem sie Techniken mit der Waffe in der Hand erforscht und nachvollzogen haben. Teilweise gibt es verschiedene Interpretationen von Techniken und die Behauptung, die Fechtsysteme w\u00e4ren 100% rekonstruiert, ist nicht korrekt. Jedoch sind die \u201eForscher\u201c soweit, dass sie mit gutem Gewissen von historisch \u00fcberlieferten Techniken sprechen k\u00f6nnen.<br \/>&#8220;Irrtum:&#8220; \u201eDamals\u201c haben sie nur mit roher Kraft gek\u00e4mpft, Technik gab es nicht.<br \/>&#8220;Richtig:&#8220; Die Quellen liefern Fechtsysteme, die technisch anspruchsvoll und durchdacht sind.<br \/>&#8220;Irrtum:&#8220; Ritterfilme zeigen einen ad\u00e4quaten Umgang mit historischen Waffen.<br \/>&#8220;Richtig:&#8220; Wie in allen Filmen entsinnen Choreografen Bewegungen und Aktionen, die nichts mit einem richtigen Schwertkampf zu tun haben. Ein \u201eechter\u201c Schwertkampf dauert nur wenige Sekunden und hat nichts mit dem zu tun, was man in Filmen oder oft auf Mittelalterm\u00e4rkten sieht.<br \/>&#8220;Irrtum:&#8220; Schwerter sind schwer.<br \/>&#8220;Richtig:&#8220; Ein historisches langes Schwert (des 15. Jahrhunderts), oft auch gerne Anderthalbh\u00e4nder oder Bastardschwert genannt, wiegt rund 1500 bis 1700 Gramm (je nach Hersteller etwas mehr, oder etwas weniger). Die Meinung, dass Schwerter bleiern sind, h\u00e4lt sich eisern. Oftmals handelt es sich bei den meisten Schwertern, die auf Mittelalterm\u00e4rkten zu sehen sind um klobige Schaukampfschwerter. \u201eFecht\u201c-Schwerter haben eine schmalere Schneide und sind zumeinst anders gearbeitet.<br \/>&#8220;Irrtum:&#8220; Ein Fechter der nach europ\u00e4ischen, mittelalterlichen Techniken k\u00e4mpft, h\u00e4tte gegen einen Vertreter der alten japanischen Kampfsysteme keine Chance.<br \/>&#8220;Richtig:&#8220; Die Kampfk\u00fcnste Kenjutsu und europ\u00e4ischer Schwertkampf mit den Langen Schwert sind in sich geschlossene Kampfsysteme, bei denen es kein Besser oder Schlechter gibt, sondern die gleichwertig sind.<br \/>&#8220;Irrtum:&#8220; Das Schwert war die Waffe des Ritters in den Schlachten.<br \/>&#8220;Richtig:&#8220; In der Tat trugen Ritter in Schlachten Schwerter. Jedoch war es \u201enur\u201c eine Beiwaffe und die K\u00e4mpfer haben zuerst mit anderen Waffen k\u00e4mpft.<br \/>&#8222;Irrtum: Einen vollger\u00fcsteten Ritter kann man besiegen, indem man mit seinem Schwert auf ihn schl\u00e4gt.<br \/>&#8220;Richtig:&#8220; Mit einem Schwert auf eine R\u00fcstung zu schlagen, macht nur eins, das Schwert kaputt. Wenn Ritter mit Schwertern gegeneinander gek\u00e4mpft haben, nutzten sie die Waffe wie ein Speer und versuchten, die Schwachstellen einer Panzerung anzugreifen.<\/p><\/blockquote><\/div>\n\t\t\t\t<\/div>\n\t\t\t\t\t\t\t<div class=\"elementor-toggle-item\">\n\t\t\t\t\t<div id=\"elementor-tab-title-1983\" class=\"elementor-tab-title\" data-tab=\"3\" role=\"button\" aria-controls=\"elementor-tab-content-1983\" aria-expanded=\"false\">\n\t\t\t\t\t\t\t\t\t\t\t\t<span class=\"elementor-toggle-icon elementor-toggle-icon-left\" aria-hidden=\"true\">\n\t\t\t\t\t\t\t\t\t\t\t\t\t\t\t<span class=\"elementor-toggle-icon-closed\"><i class=\"fas fa-caret-right\"><\/i><\/span>\n\t\t\t\t\t\t\t\t<span class=\"elementor-toggle-icon-opened\"><i class=\"elementor-toggle-icon-opened fas fa-caret-up\"><\/i><\/span>\n\t\t\t\t\t\t\t\t\t\t\t\t\t<\/span>\n\t\t\t\t\t\t\t\t\t\t\t\t<a class=\"elementor-toggle-title\" tabindex=\"0\">Ausr\u00fcstung<\/a>\n\t\t\t\t\t<\/div>\n\n\t\t\t\t\t<div id=\"elementor-tab-content-1983\" class=\"elementor-tab-content elementor-clearfix\" data-tab=\"3\" role=\"region\" aria-labelledby=\"elementor-tab-title-1983\"><blockquote><p>\u00a0<\/p><p>F\u00fcr unser Training spielt die richtige Ausr\u00fcstung eine gro\u00dfe Rolle. Die Trainingsmethode in Kombination mit richtigen Ausr\u00fcstung erm\u00f6glicht erst uns das Erlernen der Schwertkunst.<\/p><p>Um nicht den Aufwand zu betreiben, den bereits andere Vereine betrieben haben, verlinken wir hier in Absprache mit den Schwabenfedern ihren Ausr\u00fcstungsguide <a href=\"https:\/\/www.schwabenfedern.de\/die-beste-hema-ausruestung-2022\/\" target=\"_blank\" rel=\"noopener\">https:\/\/www.schwabenfedern.de\/die-beste-hema-ausruestung-2022\/<\/a><\/p><p>Wenn ihr Fragen zur Ausr\u00fcstung habt, sprecht uns an. Denn die richtige Ausr\u00fcstung ist eine Grundvoraussetzung, bestimmte Trainingsmethoden durchf\u00fchren zu k\u00f6nnen und auch sp\u00e4ter Freikampf machen zu k\u00f6nnen.<\/p><\/blockquote><p>\u00a0<\/p><\/div>\n\t\t\t\t<\/div>\n\t\t\t\t\t\t\t\t<\/div>\n\t\t\t\t\t\t<\/div>\n\t\t\t\t<\/div>\n\t\t\t\t\t<\/div>\n\t\t<\/div>\n\t\t\t\t\t<\/div>\n\t\t<\/section>\n\t\t\t\t<div class=\"elementor-element elementor-element-9a8cdad elementor-widget elementor-widget-heading\" data-id=\"9a8cdad\" data-element_type=\"widget\" data-e-type=\"widget\" data-widget_type=\"heading.default\">\n\t\t\t\t<div class=\"elementor-widget-container\">\n\t\t\t\t\t<h5 class=\"elementor-heading-title elementor-size-default\"><br><br>B\u00fccher<\/h5>\t\t\t\t<\/div>\n\t\t\t\t<\/div>\n\t\t\t\t<section class=\"elementor-section elementor-inner-section elementor-element elementor-element-1dc8d2c elementor-section-boxed elementor-section-height-default elementor-section-height-default\" data-id=\"1dc8d2c\" data-element_type=\"section\" data-e-type=\"section\">\n\t\t\t\t\t\t<div class=\"elementor-container elementor-column-gap-default\">\n\t\t\t\t\t<div class=\"elementor-column elementor-col-50 elementor-inner-column elementor-element elementor-element-690b532\" data-id=\"690b532\" data-element_type=\"column\" data-e-type=\"column\">\n\t\t\t<div class=\"elementor-widget-wrap elementor-element-populated\">\n\t\t\t\t\t\t<div class=\"elementor-element elementor-element-6118604 elementor-widget elementor-widget-text-editor\" data-id=\"6118604\" data-element_type=\"widget\" data-e-type=\"widget\" data-widget_type=\"text-editor.default\">\n\t\t\t\t<div class=\"elementor-widget-container\">\n\t\t\t\t\t\t\t\t\t<blockquote>\n<strong>Handschrift 44 A 8<\/strong>\n<br>Dieses Buch ist eine Transkrition des Manuskriptes 44 A 8. Gleichzeitig liefert es noch die \u00dcbersetzung ins Hochdeutsche. Der Autor des Buches ist Dierk Hagedorn von dem Verein Hammaborg. Es ist in dem Sinne kein Handbuch f\u00fcr welche, die historisches Fechten von Anfang an lernen m\u00f6chten, sondern eher f\u00fcr Personen, die sich f\u00fcr die wirklichen Quellen interessieren.\t\t\t\t\t\t\t\t<\/div>\n\t\t\t\t<\/div>\n\t\t\t\t\t<\/div>\n\t\t<\/div>\n\t\t\t\t<div class=\"elementor-column elementor-col-50 elementor-inner-column elementor-element elementor-element-2d093cb\" data-id=\"2d093cb\" data-element_type=\"column\" data-e-type=\"column\">\n\t\t\t<div class=\"elementor-widget-wrap elementor-element-populated\">\n\t\t\t\t\t\t\t<\/div>\n\t\t<\/div>\n\t\t\t\t\t<\/div>\n\t\t<\/section>\n\t\t\t\t\t<\/div>\n\t\t<\/div>\n\t\t\t\t\t<\/div>\n\t\t<\/section>\n\t\t\t\t<\/div>\n\t\t","protected":false},"excerpt":{"rendered":"<p>Historischer Schwertkampf bzw. Historisches Fechten ist eine noch nicht so weit verbreitete Freizeitbesch\u00e4ftigung, die jedoch immer mehr Begeisterte findet. Viele sind \u00fcberrascht, wenn sie erfahren, dass es historische Kampfstile bzw. Kampfk\u00fcnste gibt, die aus Europa stammen und k\u00f6rperlich und taktisch anspruchsvoll sind und asiatischen Kampfk\u00fcnsten in nichts nachstehen. F\u00fcr Leser, die aus Interesse auf diese [&hellip;]<\/p>\n","protected":false},"author":1,"featured_media":0,"parent":0,"menu_order":0,"comment_status":"closed","ping_status":"closed","template":"","meta":{"footnotes":""},"class_list":["post-417","page","type-page","status-publish","hentry"],"_links":{"self":[{"href":"https:\/\/widukinds-waechter.de\/index.php?rest_route=\/wp\/v2\/pages\/417","targetHints":{"allow":["GET"]}}],"collection":[{"href":"https:\/\/widukinds-waechter.de\/index.php?rest_route=\/wp\/v2\/pages"}],"about":[{"href":"https:\/\/widukinds-waechter.de\/index.php?rest_route=\/wp\/v2\/types\/page"}],"author":[{"embeddable":true,"href":"https:\/\/widukinds-waechter.de\/index.php?rest_route=\/wp\/v2\/users\/1"}],"replies":[{"embeddable":true,"href":"https:\/\/widukinds-waechter.de\/index.php?rest_route=%2Fwp%2Fv2%2Fcomments&post=417"}],"version-history":[{"count":142,"href":"https:\/\/widukinds-waechter.de\/index.php?rest_route=\/wp\/v2\/pages\/417\/revisions"}],"predecessor-version":[{"id":2573,"href":"https:\/\/widukinds-waechter.de\/index.php?rest_route=\/wp\/v2\/pages\/417\/revisions\/2573"}],"wp:attachment":[{"href":"https:\/\/widukinds-waechter.de\/index.php?rest_route=%2Fwp%2Fv2%2Fmedia&parent=417"}],"curies":[{"name":"wp","href":"https:\/\/api.w.org\/{rel}","templated":true}]}}