{"id":985,"date":"2021-01-08T18:01:33","date_gmt":"2021-01-08T17:01:33","guid":{"rendered":"http:\/\/wp.widukinds-waechter.de\/?page_id=985"},"modified":"2025-03-24T08:05:07","modified_gmt":"2025-03-24T07:05:07","slug":"kontakt","status":"publish","type":"page","link":"https:\/\/widukinds-waechter.de\/?page_id=985","title":{"rendered":"Kontakt"},"content":{"rendered":"\t\t<div data-elementor-type=\"wp-page\" data-elementor-id=\"985\" class=\"elementor elementor-985\">\n\t\t\t\t\t\t<section class=\"elementor-section elementor-top-section elementor-element elementor-element-cfa78bc elementor-section-boxed elementor-section-height-default elementor-section-height-default\" data-id=\"cfa78bc\" data-element_type=\"section\" data-e-type=\"section\">\n\t\t\t\t\t\t<div class=\"elementor-container elementor-column-gap-default\">\n\t\t\t\t\t<div class=\"elementor-column elementor-col-100 elementor-top-column elementor-element elementor-element-8346ca3\" data-id=\"8346ca3\" data-element_type=\"column\" data-e-type=\"column\">\n\t\t\t<div class=\"elementor-widget-wrap elementor-element-populated\">\n\t\t\t\t\t\t<div class=\"elementor-element elementor-element-55e9403 elementor-widget elementor-widget-text-editor\" data-id=\"55e9403\" data-element_type=\"widget\" data-e-type=\"widget\" data-widget_type=\"text-editor.default\">\n\t\t\t\t<div class=\"elementor-widget-container\">\n\t\t\t\t\t\t\t\t\t<p><strong>Kontaktadresse des Vorstands<\/strong><br \/>info(@)widukinds-waechter.de<\/p>\t\t\t\t\t\t\t\t<\/div>\n\t\t\t\t<\/div>\n\t\t\t\t<div class=\"elementor-element elementor-element-cd71d10 elementor-widget elementor-widget-accordion\" data-id=\"cd71d10\" data-element_type=\"widget\" data-e-type=\"widget\" data-widget_type=\"accordion.default\">\n\t\t\t\t<div class=\"elementor-widget-container\">\n\t\t\t\t\t\t\t<div class=\"elementor-accordion\">\n\t\t\t\t\t\t\t<div class=\"elementor-accordion-item\">\n\t\t\t\t\t<div id=\"elementor-tab-title-2151\" class=\"elementor-tab-title\" data-tab=\"1\" role=\"button\" aria-controls=\"elementor-tab-content-2151\" aria-expanded=\"false\">\n\t\t\t\t\t\t\t\t\t\t\t\t\t<span class=\"elementor-accordion-icon elementor-accordion-icon-left\" aria-hidden=\"true\">\n\t\t\t\t\t\t\t\t\t\t\t\t\t\t\t<span class=\"elementor-accordion-icon-closed\"><i class=\"fas fa-plus\"><\/i><\/span>\n\t\t\t\t\t\t\t\t<span class=\"elementor-accordion-icon-opened\"><i class=\"fas fa-minus\"><\/i><\/span>\n\t\t\t\t\t\t\t\t\t\t\t\t\t\t<\/span>\n\t\t\t\t\t\t\t\t\t\t\t\t<a class=\"elementor-accordion-title\" tabindex=\"0\">Vorst\u00e4nde<\/a>\n\t\t\t\t\t<\/div>\n\t\t\t\t\t<div id=\"elementor-tab-content-2151\" class=\"elementor-tab-content elementor-clearfix\" data-tab=\"1\" role=\"region\" aria-labelledby=\"elementor-tab-title-2151\"><p><strong>Stefan Paczulla<\/strong><br \/>1. Vorstand<br \/>Ansprechpartner f\u00fcr <em>Live-Rollenspiel und <em>Sport<\/em><br \/>E-Mail: info(at)widukinds-waechter.de<br \/><br \/><\/em><\/p><p><strong>Rebekka D\u00fcsedau<\/strong><br \/>2. Vorstand<br \/>Ansprechpartner f\u00fcr <em>Mittelalterevents<\/em>, <em>Fundus<\/em> und <em>\u00d6ffentlichkeitsarbeit<\/em><br \/>E-Mail: info(at)widukinds-waechter.de<br \/><br \/><\/p><p><strong>Hendrik Wagner<\/strong><br \/>3.Vorstand, Schatzmeister<br \/>Ansprechpartner f\u00fcr <em>Mitglieder<\/em>, <em>Finanzen<\/em> und <em>Webauftritt<\/em><br \/>E-Mail: info(at)widukinds-waechter.de<\/p><\/div>\n\t\t\t\t<\/div>\n\t\t\t\t\t\t\t<div class=\"elementor-accordion-item\">\n\t\t\t\t\t<div id=\"elementor-tab-title-2152\" class=\"elementor-tab-title\" data-tab=\"2\" role=\"button\" aria-controls=\"elementor-tab-content-2152\" aria-expanded=\"false\">\n\t\t\t\t\t\t\t\t\t\t\t\t\t<span class=\"elementor-accordion-icon elementor-accordion-icon-left\" aria-hidden=\"true\">\n\t\t\t\t\t\t\t\t\t\t\t\t\t\t\t<span class=\"elementor-accordion-icon-closed\"><i class=\"fas fa-plus\"><\/i><\/span>\n\t\t\t\t\t\t\t\t<span class=\"elementor-accordion-icon-opened\"><i class=\"fas fa-minus\"><\/i><\/span>\n\t\t\t\t\t\t\t\t\t\t\t\t\t\t<\/span>\n\t\t\t\t\t\t\t\t\t\t\t\t<a class=\"elementor-accordion-title\" tabindex=\"0\">Weitere Ansprechpartner<\/a>\n\t\t\t\t\t<\/div>\n\t\t\t\t\t<div id=\"elementor-tab-content-2152\" class=\"elementor-tab-content elementor-clearfix\" data-tab=\"2\" role=\"region\" aria-labelledby=\"elementor-tab-title-2152\"><p><strong>Webmaster<\/strong><br \/>Susanne Wagner<br \/><br \/><\/p><p><strong>Historisches Fechten<\/strong><br \/>Axel Goldammer<br \/><br \/><\/p><p><strong>Historisches Bogenschie\u00dfen<\/strong><br \/><br \/><\/p><p><strong>Freikampf, Schaukampf<\/strong><br \/>Jan Meyer-M\u00f6wius<br \/><br \/><\/p><p><strong>Pen &amp; Paper Rollenspiel<\/strong><br \/>Georg Kilian<\/p><\/div>\n\t\t\t\t<\/div>\n\t\t\t\t\t\t\t\t<\/div>\n\t\t\t\t\t\t<\/div>\n\t\t\t\t<\/div>\n\t\t\t\t\t<\/div>\n\t\t<\/div>\n\t\t\t\t\t<\/div>\n\t\t<\/section>\n\t\t\t\t<section class=\"elementor-section elementor-top-section elementor-element elementor-element-f8271c0 elementor-section-boxed elementor-section-height-default elementor-section-height-default\" data-id=\"f8271c0\" data-element_type=\"section\" data-e-type=\"section\">\n\t\t\t\t\t\t<div class=\"elementor-container elementor-column-gap-default\">\n\t\t\t\t\t<div class=\"elementor-column elementor-col-100 elementor-top-column elementor-element elementor-element-17b309a\" data-id=\"17b309a\" data-element_type=\"column\" data-e-type=\"column\">\n\t\t\t<div class=\"elementor-widget-wrap elementor-element-populated\">\n\t\t\t\t\t\t<div class=\"elementor-element elementor-element-3fe833e elementor-view-default elementor-position-block-start elementor-mobile-position-block-start elementor-widget elementor-widget-icon-box\" data-id=\"3fe833e\" data-element_type=\"widget\" data-e-type=\"widget\" data-widget_type=\"icon-box.default\">\n\t\t\t\t<div class=\"elementor-widget-container\">\n\t\t\t\t\t\t\t<div class=\"elementor-icon-box-wrapper\">\n\n\t\t\t\t\t\t<div class=\"elementor-icon-box-icon\">\n\t\t\t\t<a href=\"https:\/\/widukinds-waechter.de\/wp-content\/uploads\/2023\/07\/Widukinds-Waechter-e.V._info@widukinds-waechter.de-0x14AA72AD00B854A4-public.asc\" class=\"elementor-icon\" tabindex=\"-1\">\n\t\t\t\t<i aria-hidden=\"true\" class=\"fas fa-key\"><\/i>\t\t\t\t<\/a>\n\t\t\t<\/div>\n\t\t\t\n\t\t\t\t\t\t<div class=\"elementor-icon-box-content\">\n\n\t\t\t\t\n\t\t\t\t\t\t\t\t\t<p class=\"elementor-icon-box-description\">\n\t\t\t\t\t\tPublic Key f\u00fcr Mail (info@...)\t\t\t\t\t<\/p>\n\t\t\t\t\n\t\t\t<\/div>\n\t\t\t\n\t\t<\/div>\n\t\t\t\t\t\t<\/div>\n\t\t\t\t<\/div>\n\t\t\t\t\t<\/div>\n\t\t<\/div>\n\t\t\t\t\t<\/div>\n\t\t<\/section>\n\t\t\t\t<\/div>\n\t\t","protected":false},"excerpt":{"rendered":"<p>Kontaktadresse des Vorstandsinfo(@)widukinds-waechter.de Vorst\u00e4nde Stefan Paczulla1. VorstandAnsprechpartner f\u00fcr Live-Rollenspiel und SportE-Mail: info(at)widukinds-waechter.de Rebekka D\u00fcsedau2. VorstandAnsprechpartner f\u00fcr Mittelalterevents, Fundus und \u00d6ffentlichkeitsarbeitE-Mail: info(at)widukinds-waechter.de Hendrik Wagner3.Vorstand, SchatzmeisterAnsprechpartner f\u00fcr Mitglieder, Finanzen und WebauftrittE-Mail: info(at)widukinds-waechter.de Weitere Ansprechpartner WebmasterSusanne Wagner Historisches FechtenAxel Goldammer Historisches Bogenschie\u00dfen Freikampf, SchaukampfJan Meyer-M\u00f6wius Pen &amp; Paper RollenspielGeorg Kilian Public Key f\u00fcr Mail (info@&#8230;)<\/p>\n","protected":false},"author":1,"featured_media":0,"parent":0,"menu_order":0,"comment_status":"closed","ping_status":"closed","template":"","meta":{"footnotes":""},"class_list":["post-985","page","type-page","status-publish","hentry"],"_links":{"self":[{"href":"https:\/\/widukinds-waechter.de\/index.php?rest_route=\/wp\/v2\/pages\/985","targetHints":{"allow":["GET"]}}],"collection":[{"href":"https:\/\/widukinds-waechter.de\/index.php?rest_route=\/wp\/v2\/pages"}],"about":[{"href":"https:\/\/widukinds-waechter.de\/index.php?rest_route=\/wp\/v2\/types\/page"}],"author":[{"embeddable":true,"href":"https:\/\/widukinds-waechter.de\/index.php?rest_route=\/wp\/v2\/users\/1"}],"replies":[{"embeddable":true,"href":"https:\/\/widukinds-waechter.de\/index.php?rest_route=%2Fwp%2Fv2%2Fcomments&post=985"}],"version-history":[{"count":46,"href":"https:\/\/widukinds-waechter.de\/index.php?rest_route=\/wp\/v2\/pages\/985\/revisions"}],"predecessor-version":[{"id":2510,"href":"https:\/\/widukinds-waechter.de\/index.php?rest_route=\/wp\/v2\/pages\/985\/revisions\/2510"}],"wp:attachment":[{"href":"https:\/\/widukinds-waechter.de\/index.php?rest_route=%2Fwp%2Fv2%2Fmedia&parent=985"}],"curies":[{"name":"wp","href":"https:\/\/api.w.org\/{rel}","templated":true}]}}